{"id":1971,"date":"2023-03-17T00:24:47","date_gmt":"2023-03-17T00:24:47","guid":{"rendered":"https:\/\/eurocoincollection.gr\/product\/2020-fi-centenary-of-the-birth-of-vaino-linna-unc\/"},"modified":"2026-03-07T17:13:29","modified_gmt":"2026-03-07T17:13:29","slug":"2020-fi-centenary-of-the-birth-of-vaino-linna-unc","status":"publish","type":"product","link":"https:\/\/eurocoincollection.com\/en\/product\/2020-fi-centenary-of-the-birth-of-vaino-linna-unc\/","title":{"rendered":"2020 (FI) &#8211; Centenary of the birth of V\u00e4in\u00f6 Linna (UNC)"},"content":{"rendered":"<p>The coin celebrates the well-known late Finnish writer V\u00e4in\u00f6 Linna. This year marks the centenary of his birth in 1920. The design reflects Linna\u2019s work in a textile mill and depicts, in addition to his face, letters as weaved fabric and threads that run through his books. The inscription V\u00c4IN\u00d6 LINNA is at the left side. At the bottom are the inscriptions of the year of issuance \u20182020\u2019, of the issuing country \u2018FI\u2019 and the mintmark._x005F_x000D_<br \/>\nThe coin\u2019s outer ring depicts the 12 stars of the European flag.<\/p>","protected":false},"excerpt":{"rendered":"<p>The coin celebrates the well-known late Finnish writer V\u00e4in\u00f6 Linna. This year marks the centenary of his birth in 1920. The design reflects Linna\u2019s work in a textile mill and depicts, in addition to his face, letters as weaved fabric and threads that run through his books. The inscription V\u00c4IN\u00d6 LINNA is at the left side. At the bottom are the inscriptions of the year of issuance \u20182020\u2019, of the issuing country \u2018FI\u2019 and the mintmark._x005F_x000D_<br \/>\nThe coin\u2019s outer ring depicts the 12 stars of the European flag.<\/p>","protected":false},"featured_media":3574,"template":"","meta":[],"product_brand":[],"product_cat":[873,433,457],"product_tag":[],"class_list":{"0":"post-1971","1":"product","2":"type-product","3":"status-publish","4":"has-post-thumbnail","6":"product_cat-873","7":"product_cat-commemorative-2e-coins","8":"product_cat-457","10":"first","11":"instock","12":"shipping-taxable","13":"purchasable","14":"product-type-simple"},"yoast_head":"<!-- This site is optimized with the Yoast SEO plugin v27.3 - https:\/\/yoast.com\/product\/yoast-seo-wordpress\/ -->\n<title>2020 (FI) - Centenary of the birth of V\u00e4in\u00f6 Linna (UNC) - Euro Coin Collection<\/title>\n<meta name=\"robots\" content=\"index, follow, max-snippet:-1, max-image-preview:large, max-video-preview:-1\" \/>\n<link rel=\"canonical\" href=\"https:\/\/eurocoincollection.com\/en\/product\/2020-fi-centenary-of-the-birth-of-vaino-linna-unc\/\" \/>\n<meta property=\"og:locale\" content=\"en_GB\" \/>\n<meta property=\"og:type\" content=\"article\" \/>\n<meta property=\"og:title\" content=\"2020 (FI) - Centenary of the birth of V\u00e4in\u00f6 Linna (UNC) - Euro Coin Collection\" \/>\n<meta property=\"og:description\" content=\"The coin celebrates the well-known late Finnish writer V\u00e4in\u00f6 Linna. This year marks the centenary of his birth in 1920. The design reflects Linna\u2019s work in a textile mill and depicts, in addition to his face, letters as weaved fabric and threads that run through his books. The inscription V\u00c4IN\u00d6 LINNA is at the left side. At the bottom are the inscriptions of the year of issuance \u20182020\u2019, of the issuing country \u2018FI\u2019 and the mintmark._x005F_x000D_ The coin\u2019s outer ring depicts the 12 stars of the European flag.\" \/>\n<meta property=\"og:url\" content=\"https:\/\/eurocoincollection.com\/en\/product\/2020-fi-centenary-of-the-birth-of-vaino-linna-unc\/\" \/>\n<meta property=\"og:site_name\" content=\"Euro Coin Collection\" \/>\n<meta property=\"article:publisher\" content=\"https:\/\/www.facebook.com\/eurocoincollection\" \/>\n<meta property=\"article:modified_time\" content=\"2026-03-07T17:13:29+00:00\" \/>\n<meta property=\"og:image\" content=\"https:\/\/eurocoincollection.com\/wp-content\/uploads\/2023\/03\/finland2020-800x800.png\" \/>\n\t<meta property=\"og:image:width\" content=\"800\" \/>\n\t<meta property=\"og:image:height\" content=\"800\" \/>\n\t<meta property=\"og:image:type\" content=\"image\/png\" \/>\n<meta name=\"twitter:card\" content=\"summary_large_image\" \/>\n<script type=\"application\/ld+json\" class=\"yoast-schema-graph\">{\"@context\":\"https:\\\/\\\/schema.org\",\"@graph\":[{\"@type\":\"WebPage\",\"@id\":\"https:\\\/\\\/eurocoincollection.com\\\/product\\\/2020-fi-centenary-of-the-birth-of-vaino-linna-unc\\\/\",\"url\":\"https:\\\/\\\/eurocoincollection.com\\\/product\\\/2020-fi-centenary-of-the-birth-of-vaino-linna-unc\\\/\",\"name\":\"2020 (FI) - Centenary of the birth of V\u00e4in\u00f6 Linna (UNC) - Euro Coin Collection\",\"isPartOf\":{\"@id\":\"https:\\\/\\\/eurocoincollection.com\\\/#website\"},\"primaryImageOfPage\":{\"@id\":\"https:\\\/\\\/eurocoincollection.com\\\/product\\\/2020-fi-centenary-of-the-birth-of-vaino-linna-unc\\\/#primaryimage\"},\"image\":{\"@id\":\"https:\\\/\\\/eurocoincollection.com\\\/product\\\/2020-fi-centenary-of-the-birth-of-vaino-linna-unc\\\/#primaryimage\"},\"thumbnailUrl\":\"https:\\\/\\\/eurocoincollection.com\\\/wp-content\\\/uploads\\\/2023\\\/03\\\/finland2020.png\",\"datePublished\":\"2023-03-17T00:24:47+00:00\",\"dateModified\":\"2026-03-07T17:13:29+00:00\",\"breadcrumb\":{\"@id\":\"https:\\\/\\\/eurocoincollection.com\\\/product\\\/2020-fi-centenary-of-the-birth-of-vaino-linna-unc\\\/#breadcrumb\"},\"inLanguage\":\"en-GB\",\"potentialAction\":[{\"@type\":\"ReadAction\",\"target\":[\"https:\\\/\\\/eurocoincollection.com\\\/product\\\/2020-fi-centenary-of-the-birth-of-vaino-linna-unc\\\/\"]}]},{\"@type\":\"ImageObject\",\"inLanguage\":\"en-GB\",\"@id\":\"https:\\\/\\\/eurocoincollection.com\\\/product\\\/2020-fi-centenary-of-the-birth-of-vaino-linna-unc\\\/#primaryimage\",\"url\":\"https:\\\/\\\/eurocoincollection.com\\\/wp-content\\\/uploads\\\/2023\\\/03\\\/finland2020.png\",\"contentUrl\":\"https:\\\/\\\/eurocoincollection.com\\\/wp-content\\\/uploads\\\/2023\\\/03\\\/finland2020.png\",\"width\":1620,\"height\":1620},{\"@type\":\"BreadcrumbList\",\"@id\":\"https:\\\/\\\/eurocoincollection.com\\\/product\\\/2020-fi-centenary-of-the-birth-of-vaino-linna-unc\\\/#breadcrumb\",\"itemListElement\":[{\"@type\":\"ListItem\",\"position\":1,\"name\":\"\u0391\u03c1\u03c7\u03b9\u03ba\u03ae\",\"item\":\"https:\\\/\\\/eurocoincollection.com\\\/\"},{\"@type\":\"ListItem\",\"position\":2,\"name\":\"Shop\",\"item\":\"https:\\\/\\\/eurocoincollection.com\\\/shop\\\/\"},{\"@type\":\"ListItem\",\"position\":3,\"name\":\"2020 (FI) &#8211; Centenary of the birth of V\u00e4in\u00f6 Linna (UNC)\"}]},{\"@type\":\"WebSite\",\"@id\":\"https:\\\/\\\/eurocoincollection.com\\\/#website\",\"url\":\"https:\\\/\\\/eurocoincollection.com\\\/\",\"name\":\"Euro Coin Collection\",\"description\":\"2\u20ac Commemorative Coins | Silver Coins | Regular Coins &amp; BU Set\",\"publisher\":{\"@id\":\"https:\\\/\\\/eurocoincollection.com\\\/#organization\"},\"potentialAction\":[{\"@type\":\"SearchAction\",\"target\":{\"@type\":\"EntryPoint\",\"urlTemplate\":\"https:\\\/\\\/eurocoincollection.com\\\/?s={search_term_string}\"},\"query-input\":{\"@type\":\"PropertyValueSpecification\",\"valueRequired\":true,\"valueName\":\"search_term_string\"}}],\"inLanguage\":\"en-GB\"},{\"@type\":\"Organization\",\"@id\":\"https:\\\/\\\/eurocoincollection.com\\\/#organization\",\"name\":\"Euro Coin Collection\",\"url\":\"https:\\\/\\\/eurocoincollection.com\\\/\",\"logo\":{\"@type\":\"ImageObject\",\"inLanguage\":\"en-GB\",\"@id\":\"https:\\\/\\\/eurocoincollection.com\\\/#\\\/schema\\\/logo\\\/image\\\/\",\"url\":\"https:\\\/\\\/eurocoincollection.com\\\/wp-content\\\/uploads\\\/2023\\\/07\\\/ECC-2-1.png\",\"contentUrl\":\"https:\\\/\\\/eurocoincollection.com\\\/wp-content\\\/uploads\\\/2023\\\/07\\\/ECC-2-1.png\",\"width\":813,\"height\":813,\"caption\":\"Euro Coin Collection\"},\"image\":{\"@id\":\"https:\\\/\\\/eurocoincollection.com\\\/#\\\/schema\\\/logo\\\/image\\\/\"},\"sameAs\":[\"https:\\\/\\\/www.facebook.com\\\/eurocoincollection\",\"https:\\\/\\\/www.instagram.com\\\/eurocoincollection_gr\\\/\"]}]}<\/script>\n<!-- \/ Yoast SEO plugin. -->","yoast_head_json":{"title":"2020 (FI) - Centenary of the birth of V\u00e4in\u00f6 Linna (UNC) - Euro Coin Collection","robots":{"index":"index","follow":"follow","max-snippet":"max-snippet:-1","max-image-preview":"max-image-preview:large","max-video-preview":"max-video-preview:-1"},"canonical":"https:\/\/eurocoincollection.com\/en\/product\/2020-fi-centenary-of-the-birth-of-vaino-linna-unc\/","og_locale":"en_GB","og_type":"article","og_title":"2020 (FI) - Centenary of the birth of V\u00e4in\u00f6 Linna (UNC) - Euro Coin Collection","og_description":"The coin celebrates the well-known late Finnish writer V\u00e4in\u00f6 Linna. This year marks the centenary of his birth in 1920. The design reflects Linna\u2019s work in a textile mill and depicts, in addition to his face, letters as weaved fabric and threads that run through his books. The inscription V\u00c4IN\u00d6 LINNA is at the left side. At the bottom are the inscriptions of the year of issuance \u20182020\u2019, of the issuing country \u2018FI\u2019 and the mintmark._x005F_x000D_ The coin\u2019s outer ring depicts the 12 stars of the European flag.","og_url":"https:\/\/eurocoincollection.com\/en\/product\/2020-fi-centenary-of-the-birth-of-vaino-linna-unc\/","og_site_name":"Euro Coin Collection","article_publisher":"https:\/\/www.facebook.com\/eurocoincollection","article_modified_time":"2026-03-07T17:13:29+00:00","og_image":[{"width":800,"height":800,"url":"https:\/\/eurocoincollection.com\/wp-content\/uploads\/2023\/03\/finland2020-800x800.png","type":"image\/png"}],"twitter_card":"summary_large_image","schema":{"@context":"https:\/\/schema.org","@graph":[{"@type":"WebPage","@id":"https:\/\/eurocoincollection.com\/product\/2020-fi-centenary-of-the-birth-of-vaino-linna-unc\/","url":"https:\/\/eurocoincollection.com\/product\/2020-fi-centenary-of-the-birth-of-vaino-linna-unc\/","name":"2020 (FI) - Centenary of the birth of V\u00e4in\u00f6 Linna (UNC) - Euro Coin Collection","isPartOf":{"@id":"https:\/\/eurocoincollection.com\/#website"},"primaryImageOfPage":{"@id":"https:\/\/eurocoincollection.com\/product\/2020-fi-centenary-of-the-birth-of-vaino-linna-unc\/#primaryimage"},"image":{"@id":"https:\/\/eurocoincollection.com\/product\/2020-fi-centenary-of-the-birth-of-vaino-linna-unc\/#primaryimage"},"thumbnailUrl":"https:\/\/eurocoincollection.com\/wp-content\/uploads\/2023\/03\/finland2020.png","datePublished":"2023-03-17T00:24:47+00:00","dateModified":"2026-03-07T17:13:29+00:00","breadcrumb":{"@id":"https:\/\/eurocoincollection.com\/product\/2020-fi-centenary-of-the-birth-of-vaino-linna-unc\/#breadcrumb"},"inLanguage":"en-GB","potentialAction":[{"@type":"ReadAction","target":["https:\/\/eurocoincollection.com\/product\/2020-fi-centenary-of-the-birth-of-vaino-linna-unc\/"]}]},{"@type":"ImageObject","inLanguage":"en-GB","@id":"https:\/\/eurocoincollection.com\/product\/2020-fi-centenary-of-the-birth-of-vaino-linna-unc\/#primaryimage","url":"https:\/\/eurocoincollection.com\/wp-content\/uploads\/2023\/03\/finland2020.png","contentUrl":"https:\/\/eurocoincollection.com\/wp-content\/uploads\/2023\/03\/finland2020.png","width":1620,"height":1620},{"@type":"BreadcrumbList","@id":"https:\/\/eurocoincollection.com\/product\/2020-fi-centenary-of-the-birth-of-vaino-linna-unc\/#breadcrumb","itemListElement":[{"@type":"ListItem","position":1,"name":"\u0391\u03c1\u03c7\u03b9\u03ba\u03ae","item":"https:\/\/eurocoincollection.com\/"},{"@type":"ListItem","position":2,"name":"Shop","item":"https:\/\/eurocoincollection.com\/shop\/"},{"@type":"ListItem","position":3,"name":"2020 (FI) &#8211; Centenary of the birth of V\u00e4in\u00f6 Linna (UNC)"}]},{"@type":"WebSite","@id":"https:\/\/eurocoincollection.com\/#website","url":"https:\/\/eurocoincollection.com\/","name":"Euro Coin Collection","description":"2\u20ac Commemorative Coins | Silver Coins | Regular Coins &amp; BU Set","publisher":{"@id":"https:\/\/eurocoincollection.com\/#organization"},"potentialAction":[{"@type":"SearchAction","target":{"@type":"EntryPoint","urlTemplate":"https:\/\/eurocoincollection.com\/?s={search_term_string}"},"query-input":{"@type":"PropertyValueSpecification","valueRequired":true,"valueName":"search_term_string"}}],"inLanguage":"en-GB"},{"@type":"Organization","@id":"https:\/\/eurocoincollection.com\/#organization","name":"Euro Coin Collection","url":"https:\/\/eurocoincollection.com\/","logo":{"@type":"ImageObject","inLanguage":"en-GB","@id":"https:\/\/eurocoincollection.com\/#\/schema\/logo\/image\/","url":"https:\/\/eurocoincollection.com\/wp-content\/uploads\/2023\/07\/ECC-2-1.png","contentUrl":"https:\/\/eurocoincollection.com\/wp-content\/uploads\/2023\/07\/ECC-2-1.png","width":813,"height":813,"caption":"Euro Coin Collection"},"image":{"@id":"https:\/\/eurocoincollection.com\/#\/schema\/logo\/image\/"},"sameAs":["https:\/\/www.facebook.com\/eurocoincollection","https:\/\/www.instagram.com\/eurocoincollection_gr\/"]}]}},"_links":{"self":[{"href":"https:\/\/eurocoincollection.com\/en\/wp-json\/wp\/v2\/product\/1971","targetHints":{"allow":["GET"]}}],"collection":[{"href":"https:\/\/eurocoincollection.com\/en\/wp-json\/wp\/v2\/product"}],"about":[{"href":"https:\/\/eurocoincollection.com\/en\/wp-json\/wp\/v2\/types\/product"}],"wp:featuredmedia":[{"embeddable":true,"href":"https:\/\/eurocoincollection.com\/en\/wp-json\/wp\/v2\/media\/3574"}],"wp:attachment":[{"href":"https:\/\/eurocoincollection.com\/en\/wp-json\/wp\/v2\/media?parent=1971"}],"wp:term":[{"taxonomy":"product_brand","embeddable":true,"href":"https:\/\/eurocoincollection.com\/en\/wp-json\/wp\/v2\/product_brand?post=1971"},{"taxonomy":"product_cat","embeddable":true,"href":"https:\/\/eurocoincollection.com\/en\/wp-json\/wp\/v2\/product_cat?post=1971"},{"taxonomy":"product_tag","embeddable":true,"href":"https:\/\/eurocoincollection.com\/en\/wp-json\/wp\/v2\/product_tag?post=1971"}],"curies":[{"name":"wp","href":"https:\/\/api.w.org\/{rel}","templated":true}]}}