{"id":2008,"date":"2023-03-17T00:24:49","date_gmt":"2023-03-17T00:24:49","guid":{"rendered":"https:\/\/eurocoincollection.gr\/product\/2014-sk-10th-anniversary-of-the-accession-of-the-slovak-republic-unc\/"},"modified":"2026-02-14T14:38:18","modified_gmt":"2026-02-14T14:38:18","slug":"2014-sk-10th-anniversary-of-the-accession-of-the-slovak-republic-unc","status":"publish","type":"product","link":"https:\/\/eurocoincollection.com\/en\/product\/2014-sk-10th-anniversary-of-the-accession-of-the-slovak-republic-unc\/","title":{"rendered":"2014 (SK) &#8211; 10th Anniversary of the Accession of the Slovak Republic to the European Union (UNC)"},"content":{"rendered":"<p>At the center of the national side are the stylized letters \u2018E\u00da\u2019, as the abbreviation of the European Union, with the coat of arms of the Slovak Republic incorporated in the foreground. On the right-hand side of the inner part of the coin, in two lines, is the date of the Slovak Republic&#8217;s accession to the European Union, \u20181.5.2004\u2019, and immediately below it the year \u20182014\u2019. Inscribed along the bottom edge of the inner part is the name of the issuing country, \u2018SLOVENSKO\u2019, while in a semi-circle along the upper edge is the inscription \u201810. V\u00ddRO\u010cIE VSTUPU DO EUR\u00d3PSKEJ \u00daNIE\u2019. To the lower left is the mint mark of Kremnica Mint (composed of the letters \u2018MK\u2019 between two dies), and to the lower right are the stylized letters \u2018MP\u2019, the initials of the designer, M\u00e1ria Poldaufov\u00e1. The coin\u2019s outer ring bears the twelve stars of the European Union.<\/p>","protected":false},"excerpt":{"rendered":"<p>At the center of the national side are the stylized letters \u2018E\u00da\u2019, as the abbreviation of the European Union, with the coat of arms of the Slovak Republic incorporated in the foreground. On the right-hand side of the inner part of the coin, in two lines, is the date of the Slovak Republic&#8217;s accession to the European Union, \u20181.5.2004\u2019, and immediately below it the year \u20182014\u2019. Inscribed along the bottom edge of the inner part is the name of the issuing country, \u2018SLOVENSKO\u2019, while in a semi-circle along the upper edge is the inscription \u201810. V\u00ddRO\u010cIE VSTUPU DO EUR\u00d3PSKEJ \u00daNIE\u2019. To the lower left is the mint mark of Kremnica Mint (composed of the letters \u2018MK\u2019 between two dies), and to the lower right are the stylized letters \u2018MP\u2019, the initials of the designer, M\u00e1ria Poldaufov\u00e1. The coin\u2019s outer ring bears the twelve stars of the European Union.<\/p>","protected":false},"featured_media":2806,"template":"","meta":[],"product_brand":[],"product_cat":[867,433,455],"product_tag":[],"class_list":{"0":"post-2008","1":"product","2":"type-product","3":"status-publish","4":"has-post-thumbnail","6":"product_cat-867","7":"product_cat-commemorative-2e-coins","8":"product_cat-slovakia","10":"first","11":"instock","12":"shipping-taxable","13":"purchasable","14":"product-type-simple"},"yoast_head":"<!-- This site is optimized with the Yoast SEO plugin v27.3 - https:\/\/yoast.com\/product\/yoast-seo-wordpress\/ -->\n<title>2014 (SK) - 10th Anniversary of the Accession of the Slovak Republic to the European Union (UNC) - Euro Coin Collection<\/title>\n<meta name=\"robots\" content=\"index, follow, max-snippet:-1, max-image-preview:large, max-video-preview:-1\" \/>\n<link rel=\"canonical\" href=\"https:\/\/eurocoincollection.com\/en\/product\/2014-sk-10th-anniversary-of-the-accession-of-the-slovak-republic-unc\/\" \/>\n<meta property=\"og:locale\" content=\"en_GB\" \/>\n<meta property=\"og:type\" content=\"article\" \/>\n<meta property=\"og:title\" content=\"2014 (SK) - 10th Anniversary of the Accession of the Slovak Republic to the European Union (UNC) - Euro Coin Collection\" \/>\n<meta property=\"og:description\" content=\"At the center of the national side are the stylized letters \u2018E\u00da\u2019, as the abbreviation of the European Union, with the coat of arms of the Slovak Republic incorporated in the foreground. On the right-hand side of the inner part of the coin, in two lines, is the date of the Slovak Republic&#039;s accession to the European Union, \u20181.5.2004\u2019, and immediately below it the year \u20182014\u2019. Inscribed along the bottom edge of the inner part is the name of the issuing country, \u2018SLOVENSKO\u2019, while in a semi-circle along the upper edge is the inscription \u201810. V\u00ddRO\u010cIE VSTUPU DO EUR\u00d3PSKEJ \u00daNIE\u2019. To the lower left is the mint mark of Kremnica Mint (composed of the letters \u2018MK\u2019 between two dies), and to the lower right are the stylized letters \u2018MP\u2019, the initials of the designer, M\u00e1ria Poldaufov\u00e1. The coin\u2019s outer ring bears the twelve stars of the European Union.\" \/>\n<meta property=\"og:url\" content=\"https:\/\/eurocoincollection.com\/en\/product\/2014-sk-10th-anniversary-of-the-accession-of-the-slovak-republic-unc\/\" \/>\n<meta property=\"og:site_name\" content=\"Euro Coin Collection\" \/>\n<meta property=\"article:publisher\" content=\"https:\/\/www.facebook.com\/eurocoincollection\" \/>\n<meta property=\"article:modified_time\" content=\"2026-02-14T14:38:18+00:00\" \/>\n<meta property=\"og:image\" content=\"https:\/\/eurocoincollection.com\/wp-content\/uploads\/2023\/03\/slovakia2014-800x800.png\" \/>\n\t<meta property=\"og:image:width\" content=\"800\" \/>\n\t<meta property=\"og:image:height\" content=\"800\" \/>\n\t<meta property=\"og:image:type\" content=\"image\/png\" \/>\n<meta name=\"twitter:card\" content=\"summary_large_image\" \/>\n<meta name=\"twitter:label1\" content=\"Estimated reading time\" \/>\n\t<meta name=\"twitter:data1\" content=\"1 minute\" \/>\n<script type=\"application\/ld+json\" class=\"yoast-schema-graph\">{\"@context\":\"https:\\\/\\\/schema.org\",\"@graph\":[{\"@type\":\"WebPage\",\"@id\":\"https:\\\/\\\/eurocoincollection.com\\\/product\\\/2014-sk-10th-anniversary-of-the-accession-of-the-slovak-republic-unc\\\/\",\"url\":\"https:\\\/\\\/eurocoincollection.com\\\/product\\\/2014-sk-10th-anniversary-of-the-accession-of-the-slovak-republic-unc\\\/\",\"name\":\"2014 (SK) - 10th Anniversary of the Accession of the Slovak Republic to the European Union (UNC) - Euro Coin Collection\",\"isPartOf\":{\"@id\":\"https:\\\/\\\/eurocoincollection.com\\\/#website\"},\"primaryImageOfPage\":{\"@id\":\"https:\\\/\\\/eurocoincollection.com\\\/product\\\/2014-sk-10th-anniversary-of-the-accession-of-the-slovak-republic-unc\\\/#primaryimage\"},\"image\":{\"@id\":\"https:\\\/\\\/eurocoincollection.com\\\/product\\\/2014-sk-10th-anniversary-of-the-accession-of-the-slovak-republic-unc\\\/#primaryimage\"},\"thumbnailUrl\":\"https:\\\/\\\/eurocoincollection.com\\\/wp-content\\\/uploads\\\/2023\\\/03\\\/slovakia2014.png\",\"datePublished\":\"2023-03-17T00:24:49+00:00\",\"dateModified\":\"2026-02-14T14:38:18+00:00\",\"breadcrumb\":{\"@id\":\"https:\\\/\\\/eurocoincollection.com\\\/product\\\/2014-sk-10th-anniversary-of-the-accession-of-the-slovak-republic-unc\\\/#breadcrumb\"},\"inLanguage\":\"en-GB\",\"potentialAction\":[{\"@type\":\"ReadAction\",\"target\":[\"https:\\\/\\\/eurocoincollection.com\\\/product\\\/2014-sk-10th-anniversary-of-the-accession-of-the-slovak-republic-unc\\\/\"]}]},{\"@type\":\"ImageObject\",\"inLanguage\":\"en-GB\",\"@id\":\"https:\\\/\\\/eurocoincollection.com\\\/product\\\/2014-sk-10th-anniversary-of-the-accession-of-the-slovak-republic-unc\\\/#primaryimage\",\"url\":\"https:\\\/\\\/eurocoincollection.com\\\/wp-content\\\/uploads\\\/2023\\\/03\\\/slovakia2014.png\",\"contentUrl\":\"https:\\\/\\\/eurocoincollection.com\\\/wp-content\\\/uploads\\\/2023\\\/03\\\/slovakia2014.png\",\"width\":1620,\"height\":1620},{\"@type\":\"BreadcrumbList\",\"@id\":\"https:\\\/\\\/eurocoincollection.com\\\/product\\\/2014-sk-10th-anniversary-of-the-accession-of-the-slovak-republic-unc\\\/#breadcrumb\",\"itemListElement\":[{\"@type\":\"ListItem\",\"position\":1,\"name\":\"\u0391\u03c1\u03c7\u03b9\u03ba\u03ae\",\"item\":\"https:\\\/\\\/eurocoincollection.com\\\/\"},{\"@type\":\"ListItem\",\"position\":2,\"name\":\"Shop\",\"item\":\"https:\\\/\\\/eurocoincollection.com\\\/shop\\\/\"},{\"@type\":\"ListItem\",\"position\":3,\"name\":\"2014 (SK) &#8211; 10th Anniversary of the Accession of the Slovak Republic to the European Union (UNC)\"}]},{\"@type\":\"WebSite\",\"@id\":\"https:\\\/\\\/eurocoincollection.com\\\/#website\",\"url\":\"https:\\\/\\\/eurocoincollection.com\\\/\",\"name\":\"Euro Coin Collection\",\"description\":\"2\u20ac Commemorative Coins | Silver Coins | Regular Coins &amp; BU Set\",\"publisher\":{\"@id\":\"https:\\\/\\\/eurocoincollection.com\\\/#organization\"},\"potentialAction\":[{\"@type\":\"SearchAction\",\"target\":{\"@type\":\"EntryPoint\",\"urlTemplate\":\"https:\\\/\\\/eurocoincollection.com\\\/?s={search_term_string}\"},\"query-input\":{\"@type\":\"PropertyValueSpecification\",\"valueRequired\":true,\"valueName\":\"search_term_string\"}}],\"inLanguage\":\"en-GB\"},{\"@type\":\"Organization\",\"@id\":\"https:\\\/\\\/eurocoincollection.com\\\/#organization\",\"name\":\"Euro Coin Collection\",\"url\":\"https:\\\/\\\/eurocoincollection.com\\\/\",\"logo\":{\"@type\":\"ImageObject\",\"inLanguage\":\"en-GB\",\"@id\":\"https:\\\/\\\/eurocoincollection.com\\\/#\\\/schema\\\/logo\\\/image\\\/\",\"url\":\"https:\\\/\\\/eurocoincollection.com\\\/wp-content\\\/uploads\\\/2023\\\/07\\\/ECC-2-1.png\",\"contentUrl\":\"https:\\\/\\\/eurocoincollection.com\\\/wp-content\\\/uploads\\\/2023\\\/07\\\/ECC-2-1.png\",\"width\":813,\"height\":813,\"caption\":\"Euro Coin Collection\"},\"image\":{\"@id\":\"https:\\\/\\\/eurocoincollection.com\\\/#\\\/schema\\\/logo\\\/image\\\/\"},\"sameAs\":[\"https:\\\/\\\/www.facebook.com\\\/eurocoincollection\",\"https:\\\/\\\/www.instagram.com\\\/eurocoincollection_gr\\\/\"]}]}<\/script>\n<!-- \/ Yoast SEO plugin. -->","yoast_head_json":{"title":"2014 (SK) - 10th Anniversary of the Accession of the Slovak Republic to the European Union (UNC) - Euro Coin Collection","robots":{"index":"index","follow":"follow","max-snippet":"max-snippet:-1","max-image-preview":"max-image-preview:large","max-video-preview":"max-video-preview:-1"},"canonical":"https:\/\/eurocoincollection.com\/en\/product\/2014-sk-10th-anniversary-of-the-accession-of-the-slovak-republic-unc\/","og_locale":"en_GB","og_type":"article","og_title":"2014 (SK) - 10th Anniversary of the Accession of the Slovak Republic to the European Union (UNC) - Euro Coin Collection","og_description":"At the center of the national side are the stylized letters \u2018E\u00da\u2019, as the abbreviation of the European Union, with the coat of arms of the Slovak Republic incorporated in the foreground. On the right-hand side of the inner part of the coin, in two lines, is the date of the Slovak Republic's accession to the European Union, \u20181.5.2004\u2019, and immediately below it the year \u20182014\u2019. Inscribed along the bottom edge of the inner part is the name of the issuing country, \u2018SLOVENSKO\u2019, while in a semi-circle along the upper edge is the inscription \u201810. V\u00ddRO\u010cIE VSTUPU DO EUR\u00d3PSKEJ \u00daNIE\u2019. To the lower left is the mint mark of Kremnica Mint (composed of the letters \u2018MK\u2019 between two dies), and to the lower right are the stylized letters \u2018MP\u2019, the initials of the designer, M\u00e1ria Poldaufov\u00e1. The coin\u2019s outer ring bears the twelve stars of the European Union.","og_url":"https:\/\/eurocoincollection.com\/en\/product\/2014-sk-10th-anniversary-of-the-accession-of-the-slovak-republic-unc\/","og_site_name":"Euro Coin Collection","article_publisher":"https:\/\/www.facebook.com\/eurocoincollection","article_modified_time":"2026-02-14T14:38:18+00:00","og_image":[{"width":800,"height":800,"url":"https:\/\/eurocoincollection.com\/wp-content\/uploads\/2023\/03\/slovakia2014-800x800.png","type":"image\/png"}],"twitter_card":"summary_large_image","twitter_misc":{"Estimated reading time":"1 minute"},"schema":{"@context":"https:\/\/schema.org","@graph":[{"@type":"WebPage","@id":"https:\/\/eurocoincollection.com\/product\/2014-sk-10th-anniversary-of-the-accession-of-the-slovak-republic-unc\/","url":"https:\/\/eurocoincollection.com\/product\/2014-sk-10th-anniversary-of-the-accession-of-the-slovak-republic-unc\/","name":"2014 (SK) - 10th Anniversary of the Accession of the Slovak Republic to the European Union (UNC) - Euro Coin Collection","isPartOf":{"@id":"https:\/\/eurocoincollection.com\/#website"},"primaryImageOfPage":{"@id":"https:\/\/eurocoincollection.com\/product\/2014-sk-10th-anniversary-of-the-accession-of-the-slovak-republic-unc\/#primaryimage"},"image":{"@id":"https:\/\/eurocoincollection.com\/product\/2014-sk-10th-anniversary-of-the-accession-of-the-slovak-republic-unc\/#primaryimage"},"thumbnailUrl":"https:\/\/eurocoincollection.com\/wp-content\/uploads\/2023\/03\/slovakia2014.png","datePublished":"2023-03-17T00:24:49+00:00","dateModified":"2026-02-14T14:38:18+00:00","breadcrumb":{"@id":"https:\/\/eurocoincollection.com\/product\/2014-sk-10th-anniversary-of-the-accession-of-the-slovak-republic-unc\/#breadcrumb"},"inLanguage":"en-GB","potentialAction":[{"@type":"ReadAction","target":["https:\/\/eurocoincollection.com\/product\/2014-sk-10th-anniversary-of-the-accession-of-the-slovak-republic-unc\/"]}]},{"@type":"ImageObject","inLanguage":"en-GB","@id":"https:\/\/eurocoincollection.com\/product\/2014-sk-10th-anniversary-of-the-accession-of-the-slovak-republic-unc\/#primaryimage","url":"https:\/\/eurocoincollection.com\/wp-content\/uploads\/2023\/03\/slovakia2014.png","contentUrl":"https:\/\/eurocoincollection.com\/wp-content\/uploads\/2023\/03\/slovakia2014.png","width":1620,"height":1620},{"@type":"BreadcrumbList","@id":"https:\/\/eurocoincollection.com\/product\/2014-sk-10th-anniversary-of-the-accession-of-the-slovak-republic-unc\/#breadcrumb","itemListElement":[{"@type":"ListItem","position":1,"name":"\u0391\u03c1\u03c7\u03b9\u03ba\u03ae","item":"https:\/\/eurocoincollection.com\/"},{"@type":"ListItem","position":2,"name":"Shop","item":"https:\/\/eurocoincollection.com\/shop\/"},{"@type":"ListItem","position":3,"name":"2014 (SK) &#8211; 10th Anniversary of the Accession of the Slovak Republic to the European Union (UNC)"}]},{"@type":"WebSite","@id":"https:\/\/eurocoincollection.com\/#website","url":"https:\/\/eurocoincollection.com\/","name":"Euro Coin Collection","description":"2\u20ac Commemorative Coins | Silver Coins | Regular Coins &amp; BU Set","publisher":{"@id":"https:\/\/eurocoincollection.com\/#organization"},"potentialAction":[{"@type":"SearchAction","target":{"@type":"EntryPoint","urlTemplate":"https:\/\/eurocoincollection.com\/?s={search_term_string}"},"query-input":{"@type":"PropertyValueSpecification","valueRequired":true,"valueName":"search_term_string"}}],"inLanguage":"en-GB"},{"@type":"Organization","@id":"https:\/\/eurocoincollection.com\/#organization","name":"Euro Coin Collection","url":"https:\/\/eurocoincollection.com\/","logo":{"@type":"ImageObject","inLanguage":"en-GB","@id":"https:\/\/eurocoincollection.com\/#\/schema\/logo\/image\/","url":"https:\/\/eurocoincollection.com\/wp-content\/uploads\/2023\/07\/ECC-2-1.png","contentUrl":"https:\/\/eurocoincollection.com\/wp-content\/uploads\/2023\/07\/ECC-2-1.png","width":813,"height":813,"caption":"Euro Coin Collection"},"image":{"@id":"https:\/\/eurocoincollection.com\/#\/schema\/logo\/image\/"},"sameAs":["https:\/\/www.facebook.com\/eurocoincollection","https:\/\/www.instagram.com\/eurocoincollection_gr\/"]}]}},"_links":{"self":[{"href":"https:\/\/eurocoincollection.com\/en\/wp-json\/wp\/v2\/product\/2008","targetHints":{"allow":["GET"]}}],"collection":[{"href":"https:\/\/eurocoincollection.com\/en\/wp-json\/wp\/v2\/product"}],"about":[{"href":"https:\/\/eurocoincollection.com\/en\/wp-json\/wp\/v2\/types\/product"}],"wp:featuredmedia":[{"embeddable":true,"href":"https:\/\/eurocoincollection.com\/en\/wp-json\/wp\/v2\/media\/2806"}],"wp:attachment":[{"href":"https:\/\/eurocoincollection.com\/en\/wp-json\/wp\/v2\/media?parent=2008"}],"wp:term":[{"taxonomy":"product_brand","embeddable":true,"href":"https:\/\/eurocoincollection.com\/en\/wp-json\/wp\/v2\/product_brand?post=2008"},{"taxonomy":"product_cat","embeddable":true,"href":"https:\/\/eurocoincollection.com\/en\/wp-json\/wp\/v2\/product_cat?post=2008"},{"taxonomy":"product_tag","embeddable":true,"href":"https:\/\/eurocoincollection.com\/en\/wp-json\/wp\/v2\/product_tag?post=2008"}],"curies":[{"name":"wp","href":"https:\/\/api.w.org\/{rel}","templated":true}]}}