{"id":2014,"date":"2023-03-17T00:24:50","date_gmt":"2023-03-17T00:24:50","guid":{"rendered":"https:\/\/eurocoincollection.gr\/product\/2019-sk-the-100th-anniversary-of-the-death-of-milan-rastislav-stefanik-unc\/"},"modified":"2026-02-14T14:39:15","modified_gmt":"2026-02-14T14:39:15","slug":"2019-sk-the-100th-anniversary-of-the-death-of-milan-rastislav-stefanik-unc","status":"publish","type":"product","link":"https:\/\/eurocoincollection.com\/en\/product\/2019-sk-the-100th-anniversary-of-the-death-of-milan-rastislav-stefanik-unc\/","title":{"rendered":"2019 (SK) &#8211; The 100th anniversary of the death of Milan Rastislav \u0160tef\u00e1nik (UNC)"},"content":{"rendered":"<p>The design features a portrait of Milan Rastislav \u0160tef\u00e1nik. To the left of the portrait are the dates of \u0160tef\u00e1nik\u2019s birth \u20181880\u2019 and death \u20181919\u2019, one above the other. On the left side of the inner part of the coin, in a semi-circle, are the name \u2018MILAN RASTISLAV \u0160TEF\u00c1NIK\u2019 and the name of the issuing country \u2018SLOVENSKO\u2019. The year of issuance \u20182019\u2019 is between the portrait and the right side. Below the year are the stylized letters \u2018PV\u2019, the initials of the designer, Peter Valach, and below them is the mint mark of the Kremnica Mint (Mincov\u0148a Kremnica), consisting of the letters \u2018MK\u2019 placed between two dies._x005F_x000D_<br \/>\nThe coin\u2019s outer ring depicts the 12 stars of the European flag.<\/p>","protected":false},"excerpt":{"rendered":"<p>The design features a portrait of Milan Rastislav \u0160tef\u00e1nik. To the left of the portrait are the dates of \u0160tef\u00e1nik\u2019s birth \u20181880\u2019 and death \u20181919\u2019, one above the other. On the left side of the inner part of the coin, in a semi-circle, are the name \u2018MILAN RASTISLAV \u0160TEF\u00c1NIK\u2019 and the name of the issuing country \u2018SLOVENSKO\u2019. The year of issuance \u20182019\u2019 is between the portrait and the right side. Below the year are the stylized letters \u2018PV\u2019, the initials of the designer, Peter Valach, and below them is the mint mark of the Kremnica Mint (Mincov\u0148a Kremnica), consisting of the letters \u2018MK\u2019 placed between two dies._x005F_x000D_<br \/>\nThe coin\u2019s outer ring depicts the 12 stars of the European flag.<\/p>","protected":false},"featured_media":2812,"template":"","meta":[],"product_brand":[],"product_cat":[872,433,455],"product_tag":[],"class_list":{"0":"post-2014","1":"product","2":"type-product","3":"status-publish","4":"has-post-thumbnail","6":"product_cat-872","7":"product_cat-commemorative-2e-coins","8":"product_cat-slovakia","10":"first","11":"instock","12":"shipping-taxable","13":"purchasable","14":"product-type-simple"},"yoast_head":"<!-- This site is optimized with the Yoast SEO plugin v27.3 - https:\/\/yoast.com\/product\/yoast-seo-wordpress\/ -->\n<title>2019 (SK) - The 100th anniversary of the death of Milan Rastislav \u0160tef\u00e1nik (UNC) - Euro Coin Collection<\/title>\n<meta name=\"robots\" content=\"index, follow, max-snippet:-1, max-image-preview:large, max-video-preview:-1\" \/>\n<link rel=\"canonical\" href=\"https:\/\/eurocoincollection.com\/en\/product\/2019-sk-the-100th-anniversary-of-the-death-of-milan-rastislav-stefanik-unc\/\" \/>\n<meta property=\"og:locale\" content=\"en_GB\" \/>\n<meta property=\"og:type\" content=\"article\" \/>\n<meta property=\"og:title\" content=\"2019 (SK) - The 100th anniversary of the death of Milan Rastislav \u0160tef\u00e1nik (UNC) - Euro Coin Collection\" \/>\n<meta property=\"og:description\" content=\"The design features a portrait of Milan Rastislav \u0160tef\u00e1nik. To the left of the portrait are the dates of \u0160tef\u00e1nik\u2019s birth \u20181880\u2019 and death \u20181919\u2019, one above the other. On the left side of the inner part of the coin, in a semi-circle, are the name \u2018MILAN RASTISLAV \u0160TEF\u00c1NIK\u2019 and the name of the issuing country \u2018SLOVENSKO\u2019. The year of issuance \u20182019\u2019 is between the portrait and the right side. Below the year are the stylized letters \u2018PV\u2019, the initials of the designer, Peter Valach, and below them is the mint mark of the Kremnica Mint (Mincov\u0148a Kremnica), consisting of the letters \u2018MK\u2019 placed between two dies._x005F_x000D_ The coin\u2019s outer ring depicts the 12 stars of the European flag.\" \/>\n<meta property=\"og:url\" content=\"https:\/\/eurocoincollection.com\/en\/product\/2019-sk-the-100th-anniversary-of-the-death-of-milan-rastislav-stefanik-unc\/\" \/>\n<meta property=\"og:site_name\" content=\"Euro Coin Collection\" \/>\n<meta property=\"article:publisher\" content=\"https:\/\/www.facebook.com\/eurocoincollection\" \/>\n<meta property=\"article:modified_time\" content=\"2026-02-14T14:39:15+00:00\" \/>\n<meta property=\"og:image\" content=\"https:\/\/eurocoincollection.com\/wp-content\/uploads\/2023\/03\/slovakia2019-800x800.png\" \/>\n\t<meta property=\"og:image:width\" content=\"800\" \/>\n\t<meta property=\"og:image:height\" content=\"800\" \/>\n\t<meta property=\"og:image:type\" content=\"image\/png\" \/>\n<meta name=\"twitter:card\" content=\"summary_large_image\" \/>\n<meta name=\"twitter:label1\" content=\"Estimated reading time\" \/>\n\t<meta name=\"twitter:data1\" content=\"1 minute\" \/>\n<script type=\"application\/ld+json\" class=\"yoast-schema-graph\">{\"@context\":\"https:\\\/\\\/schema.org\",\"@graph\":[{\"@type\":\"WebPage\",\"@id\":\"https:\\\/\\\/eurocoincollection.com\\\/product\\\/2019-sk-the-100th-anniversary-of-the-death-of-milan-rastislav-stefanik-unc\\\/\",\"url\":\"https:\\\/\\\/eurocoincollection.com\\\/product\\\/2019-sk-the-100th-anniversary-of-the-death-of-milan-rastislav-stefanik-unc\\\/\",\"name\":\"2019 (SK) - The 100th anniversary of the death of Milan Rastislav \u0160tef\u00e1nik (UNC) - Euro Coin Collection\",\"isPartOf\":{\"@id\":\"https:\\\/\\\/eurocoincollection.com\\\/#website\"},\"primaryImageOfPage\":{\"@id\":\"https:\\\/\\\/eurocoincollection.com\\\/product\\\/2019-sk-the-100th-anniversary-of-the-death-of-milan-rastislav-stefanik-unc\\\/#primaryimage\"},\"image\":{\"@id\":\"https:\\\/\\\/eurocoincollection.com\\\/product\\\/2019-sk-the-100th-anniversary-of-the-death-of-milan-rastislav-stefanik-unc\\\/#primaryimage\"},\"thumbnailUrl\":\"https:\\\/\\\/eurocoincollection.com\\\/wp-content\\\/uploads\\\/2023\\\/03\\\/slovakia2019.png\",\"datePublished\":\"2023-03-17T00:24:50+00:00\",\"dateModified\":\"2026-02-14T14:39:15+00:00\",\"breadcrumb\":{\"@id\":\"https:\\\/\\\/eurocoincollection.com\\\/product\\\/2019-sk-the-100th-anniversary-of-the-death-of-milan-rastislav-stefanik-unc\\\/#breadcrumb\"},\"inLanguage\":\"en-GB\",\"potentialAction\":[{\"@type\":\"ReadAction\",\"target\":[\"https:\\\/\\\/eurocoincollection.com\\\/product\\\/2019-sk-the-100th-anniversary-of-the-death-of-milan-rastislav-stefanik-unc\\\/\"]}]},{\"@type\":\"ImageObject\",\"inLanguage\":\"en-GB\",\"@id\":\"https:\\\/\\\/eurocoincollection.com\\\/product\\\/2019-sk-the-100th-anniversary-of-the-death-of-milan-rastislav-stefanik-unc\\\/#primaryimage\",\"url\":\"https:\\\/\\\/eurocoincollection.com\\\/wp-content\\\/uploads\\\/2023\\\/03\\\/slovakia2019.png\",\"contentUrl\":\"https:\\\/\\\/eurocoincollection.com\\\/wp-content\\\/uploads\\\/2023\\\/03\\\/slovakia2019.png\",\"width\":1620,\"height\":1620},{\"@type\":\"BreadcrumbList\",\"@id\":\"https:\\\/\\\/eurocoincollection.com\\\/product\\\/2019-sk-the-100th-anniversary-of-the-death-of-milan-rastislav-stefanik-unc\\\/#breadcrumb\",\"itemListElement\":[{\"@type\":\"ListItem\",\"position\":1,\"name\":\"\u0391\u03c1\u03c7\u03b9\u03ba\u03ae\",\"item\":\"https:\\\/\\\/eurocoincollection.com\\\/\"},{\"@type\":\"ListItem\",\"position\":2,\"name\":\"Shop\",\"item\":\"https:\\\/\\\/eurocoincollection.com\\\/shop\\\/\"},{\"@type\":\"ListItem\",\"position\":3,\"name\":\"2019 (SK) &#8211; The 100th anniversary of the death of Milan Rastislav \u0160tef\u00e1nik (UNC)\"}]},{\"@type\":\"WebSite\",\"@id\":\"https:\\\/\\\/eurocoincollection.com\\\/#website\",\"url\":\"https:\\\/\\\/eurocoincollection.com\\\/\",\"name\":\"Euro Coin Collection\",\"description\":\"2\u20ac Commemorative Coins | Silver Coins | Regular Coins &amp; BU Set\",\"publisher\":{\"@id\":\"https:\\\/\\\/eurocoincollection.com\\\/#organization\"},\"potentialAction\":[{\"@type\":\"SearchAction\",\"target\":{\"@type\":\"EntryPoint\",\"urlTemplate\":\"https:\\\/\\\/eurocoincollection.com\\\/?s={search_term_string}\"},\"query-input\":{\"@type\":\"PropertyValueSpecification\",\"valueRequired\":true,\"valueName\":\"search_term_string\"}}],\"inLanguage\":\"en-GB\"},{\"@type\":\"Organization\",\"@id\":\"https:\\\/\\\/eurocoincollection.com\\\/#organization\",\"name\":\"Euro Coin Collection\",\"url\":\"https:\\\/\\\/eurocoincollection.com\\\/\",\"logo\":{\"@type\":\"ImageObject\",\"inLanguage\":\"en-GB\",\"@id\":\"https:\\\/\\\/eurocoincollection.com\\\/#\\\/schema\\\/logo\\\/image\\\/\",\"url\":\"https:\\\/\\\/eurocoincollection.com\\\/wp-content\\\/uploads\\\/2023\\\/07\\\/ECC-2-1.png\",\"contentUrl\":\"https:\\\/\\\/eurocoincollection.com\\\/wp-content\\\/uploads\\\/2023\\\/07\\\/ECC-2-1.png\",\"width\":813,\"height\":813,\"caption\":\"Euro Coin Collection\"},\"image\":{\"@id\":\"https:\\\/\\\/eurocoincollection.com\\\/#\\\/schema\\\/logo\\\/image\\\/\"},\"sameAs\":[\"https:\\\/\\\/www.facebook.com\\\/eurocoincollection\",\"https:\\\/\\\/www.instagram.com\\\/eurocoincollection_gr\\\/\"]}]}<\/script>\n<!-- \/ Yoast SEO plugin. -->","yoast_head_json":{"title":"2019 (SK) - The 100th anniversary of the death of Milan Rastislav \u0160tef\u00e1nik (UNC) - Euro Coin Collection","robots":{"index":"index","follow":"follow","max-snippet":"max-snippet:-1","max-image-preview":"max-image-preview:large","max-video-preview":"max-video-preview:-1"},"canonical":"https:\/\/eurocoincollection.com\/en\/product\/2019-sk-the-100th-anniversary-of-the-death-of-milan-rastislav-stefanik-unc\/","og_locale":"en_GB","og_type":"article","og_title":"2019 (SK) - The 100th anniversary of the death of Milan Rastislav \u0160tef\u00e1nik (UNC) - Euro Coin Collection","og_description":"The design features a portrait of Milan Rastislav \u0160tef\u00e1nik. To the left of the portrait are the dates of \u0160tef\u00e1nik\u2019s birth \u20181880\u2019 and death \u20181919\u2019, one above the other. On the left side of the inner part of the coin, in a semi-circle, are the name \u2018MILAN RASTISLAV \u0160TEF\u00c1NIK\u2019 and the name of the issuing country \u2018SLOVENSKO\u2019. The year of issuance \u20182019\u2019 is between the portrait and the right side. Below the year are the stylized letters \u2018PV\u2019, the initials of the designer, Peter Valach, and below them is the mint mark of the Kremnica Mint (Mincov\u0148a Kremnica), consisting of the letters \u2018MK\u2019 placed between two dies._x005F_x000D_ The coin\u2019s outer ring depicts the 12 stars of the European flag.","og_url":"https:\/\/eurocoincollection.com\/en\/product\/2019-sk-the-100th-anniversary-of-the-death-of-milan-rastislav-stefanik-unc\/","og_site_name":"Euro Coin Collection","article_publisher":"https:\/\/www.facebook.com\/eurocoincollection","article_modified_time":"2026-02-14T14:39:15+00:00","og_image":[{"width":800,"height":800,"url":"https:\/\/eurocoincollection.com\/wp-content\/uploads\/2023\/03\/slovakia2019-800x800.png","type":"image\/png"}],"twitter_card":"summary_large_image","twitter_misc":{"Estimated reading time":"1 minute"},"schema":{"@context":"https:\/\/schema.org","@graph":[{"@type":"WebPage","@id":"https:\/\/eurocoincollection.com\/product\/2019-sk-the-100th-anniversary-of-the-death-of-milan-rastislav-stefanik-unc\/","url":"https:\/\/eurocoincollection.com\/product\/2019-sk-the-100th-anniversary-of-the-death-of-milan-rastislav-stefanik-unc\/","name":"2019 (SK) - The 100th anniversary of the death of Milan Rastislav \u0160tef\u00e1nik (UNC) - Euro Coin Collection","isPartOf":{"@id":"https:\/\/eurocoincollection.com\/#website"},"primaryImageOfPage":{"@id":"https:\/\/eurocoincollection.com\/product\/2019-sk-the-100th-anniversary-of-the-death-of-milan-rastislav-stefanik-unc\/#primaryimage"},"image":{"@id":"https:\/\/eurocoincollection.com\/product\/2019-sk-the-100th-anniversary-of-the-death-of-milan-rastislav-stefanik-unc\/#primaryimage"},"thumbnailUrl":"https:\/\/eurocoincollection.com\/wp-content\/uploads\/2023\/03\/slovakia2019.png","datePublished":"2023-03-17T00:24:50+00:00","dateModified":"2026-02-14T14:39:15+00:00","breadcrumb":{"@id":"https:\/\/eurocoincollection.com\/product\/2019-sk-the-100th-anniversary-of-the-death-of-milan-rastislav-stefanik-unc\/#breadcrumb"},"inLanguage":"en-GB","potentialAction":[{"@type":"ReadAction","target":["https:\/\/eurocoincollection.com\/product\/2019-sk-the-100th-anniversary-of-the-death-of-milan-rastislav-stefanik-unc\/"]}]},{"@type":"ImageObject","inLanguage":"en-GB","@id":"https:\/\/eurocoincollection.com\/product\/2019-sk-the-100th-anniversary-of-the-death-of-milan-rastislav-stefanik-unc\/#primaryimage","url":"https:\/\/eurocoincollection.com\/wp-content\/uploads\/2023\/03\/slovakia2019.png","contentUrl":"https:\/\/eurocoincollection.com\/wp-content\/uploads\/2023\/03\/slovakia2019.png","width":1620,"height":1620},{"@type":"BreadcrumbList","@id":"https:\/\/eurocoincollection.com\/product\/2019-sk-the-100th-anniversary-of-the-death-of-milan-rastislav-stefanik-unc\/#breadcrumb","itemListElement":[{"@type":"ListItem","position":1,"name":"\u0391\u03c1\u03c7\u03b9\u03ba\u03ae","item":"https:\/\/eurocoincollection.com\/"},{"@type":"ListItem","position":2,"name":"Shop","item":"https:\/\/eurocoincollection.com\/shop\/"},{"@type":"ListItem","position":3,"name":"2019 (SK) &#8211; The 100th anniversary of the death of Milan Rastislav \u0160tef\u00e1nik (UNC)"}]},{"@type":"WebSite","@id":"https:\/\/eurocoincollection.com\/#website","url":"https:\/\/eurocoincollection.com\/","name":"Euro Coin Collection","description":"2\u20ac Commemorative Coins | Silver Coins | Regular Coins &amp; BU Set","publisher":{"@id":"https:\/\/eurocoincollection.com\/#organization"},"potentialAction":[{"@type":"SearchAction","target":{"@type":"EntryPoint","urlTemplate":"https:\/\/eurocoincollection.com\/?s={search_term_string}"},"query-input":{"@type":"PropertyValueSpecification","valueRequired":true,"valueName":"search_term_string"}}],"inLanguage":"en-GB"},{"@type":"Organization","@id":"https:\/\/eurocoincollection.com\/#organization","name":"Euro Coin Collection","url":"https:\/\/eurocoincollection.com\/","logo":{"@type":"ImageObject","inLanguage":"en-GB","@id":"https:\/\/eurocoincollection.com\/#\/schema\/logo\/image\/","url":"https:\/\/eurocoincollection.com\/wp-content\/uploads\/2023\/07\/ECC-2-1.png","contentUrl":"https:\/\/eurocoincollection.com\/wp-content\/uploads\/2023\/07\/ECC-2-1.png","width":813,"height":813,"caption":"Euro Coin Collection"},"image":{"@id":"https:\/\/eurocoincollection.com\/#\/schema\/logo\/image\/"},"sameAs":["https:\/\/www.facebook.com\/eurocoincollection","https:\/\/www.instagram.com\/eurocoincollection_gr\/"]}]}},"_links":{"self":[{"href":"https:\/\/eurocoincollection.com\/en\/wp-json\/wp\/v2\/product\/2014","targetHints":{"allow":["GET"]}}],"collection":[{"href":"https:\/\/eurocoincollection.com\/en\/wp-json\/wp\/v2\/product"}],"about":[{"href":"https:\/\/eurocoincollection.com\/en\/wp-json\/wp\/v2\/types\/product"}],"wp:featuredmedia":[{"embeddable":true,"href":"https:\/\/eurocoincollection.com\/en\/wp-json\/wp\/v2\/media\/2812"}],"wp:attachment":[{"href":"https:\/\/eurocoincollection.com\/en\/wp-json\/wp\/v2\/media?parent=2014"}],"wp:term":[{"taxonomy":"product_brand","embeddable":true,"href":"https:\/\/eurocoincollection.com\/en\/wp-json\/wp\/v2\/product_brand?post=2014"},{"taxonomy":"product_cat","embeddable":true,"href":"https:\/\/eurocoincollection.com\/en\/wp-json\/wp\/v2\/product_cat?post=2014"},{"taxonomy":"product_tag","embeddable":true,"href":"https:\/\/eurocoincollection.com\/en\/wp-json\/wp\/v2\/product_tag?post=2014"}],"curies":[{"name":"wp","href":"https:\/\/api.w.org\/{rel}","templated":true}]}}