{"id":4090,"date":"2023-07-19T16:47:48","date_gmt":"2023-07-19T16:47:48","guid":{"rendered":"https:\/\/eurocoincollection.com\/?post_type=product&#038;p=4090"},"modified":"2026-03-05T12:42:52","modified_gmt":"2026-03-05T12:42:52","slug":"2019-ee-finno-ugric-peoples-unc","status":"publish","type":"product","link":"https:\/\/eurocoincollection.com\/en\/product\/2019-ee-finno-ugric-peoples-unc\/","title":{"rendered":"2021 (EE) &#8211; Finno-Ugric peoples (UNC)"},"content":{"rendered":"<p>The national side of the coin depicts a design based on the cave drawings of Lake \u00c4\u00e4nisj\u00e4rv. The symbols for the hunter, the elk, the water bird and the sun form the symbolic circle of life for the Finno-Ugric peoples. The central figure is a water bird, as they are represented in the art and folklore of all Finno-Ugric peoples. On the top right, in semi-circle, are the name of the country \u2018EESTI\u2019 followed by the year \u20182021\u2019. At the bottom left is the inscription \u2018FENNOUGRIA\u2019._x005F_x000D_<br \/>\nThe coin\u2019s outer ring depicts the 12 stars of the European flag.<\/p>","protected":false},"excerpt":{"rendered":"<p>The national side of the coin depicts a design based on the cave drawings of Lake \u00c4\u00e4nisj\u00e4rv. The symbols for the hunter, the elk, the water bird and the sun form the symbolic circle of life for the Finno-Ugric peoples. The central figure is a water bird, as they are represented in the art and folklore of all Finno-Ugric peoples. On the top right, in semi-circle, are the name of the country \u2018EESTI\u2019 followed by the year \u20182021\u2019. At the bottom left is the inscription \u2018FENNOUGRIA\u2019._x005F_x000D_<br \/>\nThe coin\u2019s outer ring depicts the 12 stars of the European flag.<\/p>","protected":false},"featured_media":4088,"template":"","meta":[],"product_brand":[],"product_cat":[874,433,442],"product_tag":[46,880,879,853],"class_list":{"0":"post-4090","1":"product","2":"type-product","3":"status-publish","4":"has-post-thumbnail","6":"product_cat-874","7":"product_cat-commemorative-2e-coins","8":"product_cat-442","9":"product_tag-2eurocommemoratives","10":"product_tag-880","11":"product_tag-estonia","12":"product_tag-unc","14":"first","15":"instock","16":"shipping-taxable","17":"purchasable","18":"product-type-simple"},"yoast_head":"<!-- This site is optimized with the Yoast SEO plugin v27.3 - https:\/\/yoast.com\/product\/yoast-seo-wordpress\/ -->\n<title>2021 (EE) - Finno-Ugric peoples (UNC) - Euro Coin Collection<\/title>\n<meta name=\"robots\" content=\"index, follow, max-snippet:-1, max-image-preview:large, max-video-preview:-1\" \/>\n<link rel=\"canonical\" href=\"https:\/\/eurocoincollection.com\/en\/product\/2019-ee-finno-ugric-peoples-unc\/\" \/>\n<meta property=\"og:locale\" content=\"en_GB\" \/>\n<meta property=\"og:type\" content=\"article\" \/>\n<meta property=\"og:title\" content=\"2021 (EE) - Finno-Ugric peoples (UNC) - Euro Coin Collection\" \/>\n<meta property=\"og:description\" content=\"The national side of the coin depicts a design based on the cave drawings of Lake \u00c4\u00e4nisj\u00e4rv. The symbols for the hunter, the elk, the water bird and the sun form the symbolic circle of life for the Finno-Ugric peoples. The central figure is a water bird, as they are represented in the art and folklore of all Finno-Ugric peoples. On the top right, in semi-circle, are the name of the country \u2018EESTI\u2019 followed by the year \u20182021\u2019. At the bottom left is the inscription \u2018FENNOUGRIA\u2019._x005F_x000D_ The coin\u2019s outer ring depicts the 12 stars of the European flag.\" \/>\n<meta property=\"og:url\" content=\"https:\/\/eurocoincollection.com\/en\/product\/2019-ee-finno-ugric-peoples-unc\/\" \/>\n<meta property=\"og:site_name\" content=\"Euro Coin Collection\" \/>\n<meta property=\"article:publisher\" content=\"https:\/\/www.facebook.com\/eurocoincollection\" \/>\n<meta property=\"article:modified_time\" content=\"2026-03-05T12:42:52+00:00\" \/>\n<meta property=\"og:image\" content=\"https:\/\/eurocoincollection.com\/wp-content\/uploads\/2023\/07\/estonia-2021-finno-ugric.jpg\" \/>\n\t<meta property=\"og:image:width\" content=\"800\" \/>\n\t<meta property=\"og:image:height\" content=\"800\" \/>\n\t<meta property=\"og:image:type\" content=\"image\/jpeg\" \/>\n<meta name=\"twitter:card\" content=\"summary_large_image\" \/>\n<script type=\"application\/ld+json\" class=\"yoast-schema-graph\">{\"@context\":\"https:\\\/\\\/schema.org\",\"@graph\":[{\"@type\":\"WebPage\",\"@id\":\"https:\\\/\\\/eurocoincollection.com\\\/en\\\/product\\\/2019-ee-finno-ugric-peoples-unc\\\/\",\"url\":\"https:\\\/\\\/eurocoincollection.com\\\/en\\\/product\\\/2019-ee-finno-ugric-peoples-unc\\\/\",\"name\":\"2021 (EE) - Finno-Ugric peoples (UNC) - Euro Coin Collection\",\"isPartOf\":{\"@id\":\"https:\\\/\\\/eurocoincollection.com\\\/#website\"},\"primaryImageOfPage\":{\"@id\":\"https:\\\/\\\/eurocoincollection.com\\\/en\\\/product\\\/2019-ee-finno-ugric-peoples-unc\\\/#primaryimage\"},\"image\":{\"@id\":\"https:\\\/\\\/eurocoincollection.com\\\/en\\\/product\\\/2019-ee-finno-ugric-peoples-unc\\\/#primaryimage\"},\"thumbnailUrl\":\"https:\\\/\\\/eurocoincollection.com\\\/wp-content\\\/uploads\\\/2023\\\/07\\\/estonia-2021-finno-ugric.jpg\",\"datePublished\":\"2023-07-19T16:47:48+00:00\",\"dateModified\":\"2026-03-05T12:42:52+00:00\",\"breadcrumb\":{\"@id\":\"https:\\\/\\\/eurocoincollection.com\\\/en\\\/product\\\/2019-ee-finno-ugric-peoples-unc\\\/#breadcrumb\"},\"inLanguage\":\"en-GB\",\"potentialAction\":[{\"@type\":\"ReadAction\",\"target\":[\"https:\\\/\\\/eurocoincollection.com\\\/en\\\/product\\\/2019-ee-finno-ugric-peoples-unc\\\/\"]}]},{\"@type\":\"ImageObject\",\"inLanguage\":\"en-GB\",\"@id\":\"https:\\\/\\\/eurocoincollection.com\\\/en\\\/product\\\/2019-ee-finno-ugric-peoples-unc\\\/#primaryimage\",\"url\":\"https:\\\/\\\/eurocoincollection.com\\\/wp-content\\\/uploads\\\/2023\\\/07\\\/estonia-2021-finno-ugric.jpg\",\"contentUrl\":\"https:\\\/\\\/eurocoincollection.com\\\/wp-content\\\/uploads\\\/2023\\\/07\\\/estonia-2021-finno-ugric.jpg\",\"width\":800,\"height\":800},{\"@type\":\"BreadcrumbList\",\"@id\":\"https:\\\/\\\/eurocoincollection.com\\\/en\\\/product\\\/2019-ee-finno-ugric-peoples-unc\\\/#breadcrumb\",\"itemListElement\":[{\"@type\":\"ListItem\",\"position\":1,\"name\":\"\u0391\u03c1\u03c7\u03b9\u03ba\u03ae\",\"item\":\"https:\\\/\\\/eurocoincollection.com\\\/\"},{\"@type\":\"ListItem\",\"position\":2,\"name\":\"Shop\",\"item\":\"https:\\\/\\\/eurocoincollection.com\\\/shop\\\/\"},{\"@type\":\"ListItem\",\"position\":3,\"name\":\"2021 (EE) &#8211; Finno-Ugric peoples (UNC)\"}]},{\"@type\":\"WebSite\",\"@id\":\"https:\\\/\\\/eurocoincollection.com\\\/#website\",\"url\":\"https:\\\/\\\/eurocoincollection.com\\\/\",\"name\":\"Euro Coin Collection\",\"description\":\"2\u20ac Commemorative Coins | Silver Coins | Regular Coins &amp; BU Set\",\"publisher\":{\"@id\":\"https:\\\/\\\/eurocoincollection.com\\\/#organization\"},\"potentialAction\":[{\"@type\":\"SearchAction\",\"target\":{\"@type\":\"EntryPoint\",\"urlTemplate\":\"https:\\\/\\\/eurocoincollection.com\\\/?s={search_term_string}\"},\"query-input\":{\"@type\":\"PropertyValueSpecification\",\"valueRequired\":true,\"valueName\":\"search_term_string\"}}],\"inLanguage\":\"en-GB\"},{\"@type\":\"Organization\",\"@id\":\"https:\\\/\\\/eurocoincollection.com\\\/#organization\",\"name\":\"Euro Coin Collection\",\"url\":\"https:\\\/\\\/eurocoincollection.com\\\/\",\"logo\":{\"@type\":\"ImageObject\",\"inLanguage\":\"en-GB\",\"@id\":\"https:\\\/\\\/eurocoincollection.com\\\/#\\\/schema\\\/logo\\\/image\\\/\",\"url\":\"https:\\\/\\\/eurocoincollection.com\\\/wp-content\\\/uploads\\\/2023\\\/07\\\/ECC-2-1.png\",\"contentUrl\":\"https:\\\/\\\/eurocoincollection.com\\\/wp-content\\\/uploads\\\/2023\\\/07\\\/ECC-2-1.png\",\"width\":813,\"height\":813,\"caption\":\"Euro Coin Collection\"},\"image\":{\"@id\":\"https:\\\/\\\/eurocoincollection.com\\\/#\\\/schema\\\/logo\\\/image\\\/\"},\"sameAs\":[\"https:\\\/\\\/www.facebook.com\\\/eurocoincollection\",\"https:\\\/\\\/www.instagram.com\\\/eurocoincollection_gr\\\/\"]}]}<\/script>\n<!-- \/ Yoast SEO plugin. -->","yoast_head_json":{"title":"2021 (EE) - Finno-Ugric peoples (UNC) - Euro Coin Collection","robots":{"index":"index","follow":"follow","max-snippet":"max-snippet:-1","max-image-preview":"max-image-preview:large","max-video-preview":"max-video-preview:-1"},"canonical":"https:\/\/eurocoincollection.com\/en\/product\/2019-ee-finno-ugric-peoples-unc\/","og_locale":"en_GB","og_type":"article","og_title":"2021 (EE) - Finno-Ugric peoples (UNC) - Euro Coin Collection","og_description":"The national side of the coin depicts a design based on the cave drawings of Lake \u00c4\u00e4nisj\u00e4rv. The symbols for the hunter, the elk, the water bird and the sun form the symbolic circle of life for the Finno-Ugric peoples. The central figure is a water bird, as they are represented in the art and folklore of all Finno-Ugric peoples. On the top right, in semi-circle, are the name of the country \u2018EESTI\u2019 followed by the year \u20182021\u2019. At the bottom left is the inscription \u2018FENNOUGRIA\u2019._x005F_x000D_ The coin\u2019s outer ring depicts the 12 stars of the European flag.","og_url":"https:\/\/eurocoincollection.com\/en\/product\/2019-ee-finno-ugric-peoples-unc\/","og_site_name":"Euro Coin Collection","article_publisher":"https:\/\/www.facebook.com\/eurocoincollection","article_modified_time":"2026-03-05T12:42:52+00:00","og_image":[{"width":800,"height":800,"url":"https:\/\/eurocoincollection.com\/wp-content\/uploads\/2023\/07\/estonia-2021-finno-ugric.jpg","type":"image\/jpeg"}],"twitter_card":"summary_large_image","schema":{"@context":"https:\/\/schema.org","@graph":[{"@type":"WebPage","@id":"https:\/\/eurocoincollection.com\/en\/product\/2019-ee-finno-ugric-peoples-unc\/","url":"https:\/\/eurocoincollection.com\/en\/product\/2019-ee-finno-ugric-peoples-unc\/","name":"2021 (EE) - Finno-Ugric peoples (UNC) - Euro Coin Collection","isPartOf":{"@id":"https:\/\/eurocoincollection.com\/#website"},"primaryImageOfPage":{"@id":"https:\/\/eurocoincollection.com\/en\/product\/2019-ee-finno-ugric-peoples-unc\/#primaryimage"},"image":{"@id":"https:\/\/eurocoincollection.com\/en\/product\/2019-ee-finno-ugric-peoples-unc\/#primaryimage"},"thumbnailUrl":"https:\/\/eurocoincollection.com\/wp-content\/uploads\/2023\/07\/estonia-2021-finno-ugric.jpg","datePublished":"2023-07-19T16:47:48+00:00","dateModified":"2026-03-05T12:42:52+00:00","breadcrumb":{"@id":"https:\/\/eurocoincollection.com\/en\/product\/2019-ee-finno-ugric-peoples-unc\/#breadcrumb"},"inLanguage":"en-GB","potentialAction":[{"@type":"ReadAction","target":["https:\/\/eurocoincollection.com\/en\/product\/2019-ee-finno-ugric-peoples-unc\/"]}]},{"@type":"ImageObject","inLanguage":"en-GB","@id":"https:\/\/eurocoincollection.com\/en\/product\/2019-ee-finno-ugric-peoples-unc\/#primaryimage","url":"https:\/\/eurocoincollection.com\/wp-content\/uploads\/2023\/07\/estonia-2021-finno-ugric.jpg","contentUrl":"https:\/\/eurocoincollection.com\/wp-content\/uploads\/2023\/07\/estonia-2021-finno-ugric.jpg","width":800,"height":800},{"@type":"BreadcrumbList","@id":"https:\/\/eurocoincollection.com\/en\/product\/2019-ee-finno-ugric-peoples-unc\/#breadcrumb","itemListElement":[{"@type":"ListItem","position":1,"name":"\u0391\u03c1\u03c7\u03b9\u03ba\u03ae","item":"https:\/\/eurocoincollection.com\/"},{"@type":"ListItem","position":2,"name":"Shop","item":"https:\/\/eurocoincollection.com\/shop\/"},{"@type":"ListItem","position":3,"name":"2021 (EE) &#8211; Finno-Ugric peoples (UNC)"}]},{"@type":"WebSite","@id":"https:\/\/eurocoincollection.com\/#website","url":"https:\/\/eurocoincollection.com\/","name":"Euro Coin Collection","description":"2\u20ac Commemorative Coins | Silver Coins | Regular Coins &amp; BU Set","publisher":{"@id":"https:\/\/eurocoincollection.com\/#organization"},"potentialAction":[{"@type":"SearchAction","target":{"@type":"EntryPoint","urlTemplate":"https:\/\/eurocoincollection.com\/?s={search_term_string}"},"query-input":{"@type":"PropertyValueSpecification","valueRequired":true,"valueName":"search_term_string"}}],"inLanguage":"en-GB"},{"@type":"Organization","@id":"https:\/\/eurocoincollection.com\/#organization","name":"Euro Coin Collection","url":"https:\/\/eurocoincollection.com\/","logo":{"@type":"ImageObject","inLanguage":"en-GB","@id":"https:\/\/eurocoincollection.com\/#\/schema\/logo\/image\/","url":"https:\/\/eurocoincollection.com\/wp-content\/uploads\/2023\/07\/ECC-2-1.png","contentUrl":"https:\/\/eurocoincollection.com\/wp-content\/uploads\/2023\/07\/ECC-2-1.png","width":813,"height":813,"caption":"Euro Coin Collection"},"image":{"@id":"https:\/\/eurocoincollection.com\/#\/schema\/logo\/image\/"},"sameAs":["https:\/\/www.facebook.com\/eurocoincollection","https:\/\/www.instagram.com\/eurocoincollection_gr\/"]}]}},"_links":{"self":[{"href":"https:\/\/eurocoincollection.com\/en\/wp-json\/wp\/v2\/product\/4090","targetHints":{"allow":["GET"]}}],"collection":[{"href":"https:\/\/eurocoincollection.com\/en\/wp-json\/wp\/v2\/product"}],"about":[{"href":"https:\/\/eurocoincollection.com\/en\/wp-json\/wp\/v2\/types\/product"}],"wp:featuredmedia":[{"embeddable":true,"href":"https:\/\/eurocoincollection.com\/en\/wp-json\/wp\/v2\/media\/4088"}],"wp:attachment":[{"href":"https:\/\/eurocoincollection.com\/en\/wp-json\/wp\/v2\/media?parent=4090"}],"wp:term":[{"taxonomy":"product_brand","embeddable":true,"href":"https:\/\/eurocoincollection.com\/en\/wp-json\/wp\/v2\/product_brand?post=4090"},{"taxonomy":"product_cat","embeddable":true,"href":"https:\/\/eurocoincollection.com\/en\/wp-json\/wp\/v2\/product_cat?post=4090"},{"taxonomy":"product_tag","embeddable":true,"href":"https:\/\/eurocoincollection.com\/en\/wp-json\/wp\/v2\/product_tag?post=4090"}],"curies":[{"name":"wp","href":"https:\/\/api.w.org\/{rel}","templated":true}]}}