{"id":5714,"date":"2025-11-05T08:07:15","date_gmt":"2025-11-05T08:07:15","guid":{"rendered":"https:\/\/eurocoincollection.com\/?post_type=product&#038;p=5714"},"modified":"2026-03-03T04:37:53","modified_gmt":"2026-03-03T04:37:53","slug":"2025-pt-sustainable-development-unc","status":"publish","type":"product","link":"https:\/\/eurocoincollection.com\/en\/product\/2025-pt-sustainable-development-unc\/","title":{"rendered":"2025 (PT) &#8211; Sustainable Development (UNC)"},"content":{"rendered":"<p>(fr) La plan\u00e8te Terre entour\u00e9e de 17 groupes de feuilles, symbolisant les Objectifs de D\u00e9veloppement Durable (ODD). L&#8217;\u00e9mission souligne l&#8217;importance d&#8217;une action collective pour assurer un avenir durable. L&#8217;anneau ext\u00e9rieur de la pi\u00e8ce repr\u00e9sente les douze \u00e9toiles du drapeau europ\u00e9en.<\/p>","protected":false},"excerpt":{"rendered":"<p>(fr) La plan\u00e8te Terre entour\u00e9e de 17 groupes de feuilles, symbolisant les Objectifs de D\u00e9veloppement Durable (ODD). L&#8217;\u00e9mission souligne l&#8217;importance d&#8217;une action collective pour assurer un avenir durable. L&#8217;anneau ext\u00e9rieur de la pi\u00e8ce repr\u00e9sente les douze \u00e9toiles du drapeau europ\u00e9en.<\/p>","protected":false},"featured_media":5716,"template":"","meta":[],"product_brand":[],"product_cat":[1099,433,453],"product_tag":[46,1101,854],"class_list":{"0":"post-5714","1":"product","2":"type-product","3":"status-publish","4":"has-post-thumbnail","6":"product_cat-2025-commemorative-2e-coins","7":"product_cat-commemorative-2e-coins","8":"product_cat-453","9":"product_tag-2eurocommemoratives","10":"product_tag-1101","11":"product_tag-portugal","13":"first","14":"instock","15":"shipping-taxable","16":"purchasable","17":"product-type-simple"},"yoast_head":"<!-- This site is optimized with the Yoast SEO plugin v27.3 - https:\/\/yoast.com\/product\/yoast-seo-wordpress\/ -->\n<title>2025 (PT) - Sustainable Development (UNC) - Euro Coin Collection<\/title>\n<meta name=\"robots\" content=\"index, follow, max-snippet:-1, max-image-preview:large, max-video-preview:-1\" \/>\n<link rel=\"canonical\" href=\"https:\/\/eurocoincollection.com\/en\/product\/2025-pt-sustainable-development-unc\/\" \/>\n<meta property=\"og:locale\" content=\"en_GB\" \/>\n<meta property=\"og:type\" content=\"article\" \/>\n<meta property=\"og:title\" content=\"2025 (PT) - Sustainable Development (UNC) - Euro Coin Collection\" \/>\n<meta property=\"og:description\" content=\"(fr) La plan\u00e8te Terre entour\u00e9e de 17 groupes de feuilles, symbolisant les Objectifs de D\u00e9veloppement Durable (ODD). L&#039;\u00e9mission souligne l&#039;importance d&#039;une action collective pour assurer un avenir durable. L&#039;anneau ext\u00e9rieur de la pi\u00e8ce repr\u00e9sente les douze \u00e9toiles du drapeau europ\u00e9en.\" \/>\n<meta property=\"og:url\" content=\"https:\/\/eurocoincollection.com\/en\/product\/2025-pt-sustainable-development-unc\/\" \/>\n<meta property=\"og:site_name\" content=\"Euro Coin Collection\" \/>\n<meta property=\"article:publisher\" content=\"https:\/\/www.facebook.com\/eurocoincollection\" \/>\n<meta property=\"article:modified_time\" content=\"2026-03-03T04:37:53+00:00\" \/>\n<meta property=\"og:image\" content=\"https:\/\/eurocoincollection.com\/wp-content\/uploads\/2025\/11\/PORTUGAL.jpg\" \/>\n\t<meta property=\"og:image:width\" content=\"1200\" \/>\n\t<meta property=\"og:image:height\" content=\"1600\" \/>\n\t<meta property=\"og:image:type\" content=\"image\/jpeg\" \/>\n<meta name=\"twitter:card\" content=\"summary_large_image\" \/>\n<meta name=\"twitter:label1\" content=\"Estimated reading time\" \/>\n\t<meta name=\"twitter:data1\" content=\"1 minute\" \/>\n<script type=\"application\/ld+json\" class=\"yoast-schema-graph\">{\"@context\":\"https:\\\/\\\/schema.org\",\"@graph\":[{\"@type\":\"WebPage\",\"@id\":\"https:\\\/\\\/eurocoincollection.com\\\/product\\\/2025-pt-sustainable-development-unc\\\/\",\"url\":\"https:\\\/\\\/eurocoincollection.com\\\/product\\\/2025-pt-sustainable-development-unc\\\/\",\"name\":\"2025 (PT) - Sustainable Development (UNC) - Euro Coin Collection\",\"isPartOf\":{\"@id\":\"https:\\\/\\\/eurocoincollection.com\\\/#website\"},\"primaryImageOfPage\":{\"@id\":\"https:\\\/\\\/eurocoincollection.com\\\/product\\\/2025-pt-sustainable-development-unc\\\/#primaryimage\"},\"image\":{\"@id\":\"https:\\\/\\\/eurocoincollection.com\\\/product\\\/2025-pt-sustainable-development-unc\\\/#primaryimage\"},\"thumbnailUrl\":\"https:\\\/\\\/eurocoincollection.com\\\/wp-content\\\/uploads\\\/2025\\\/11\\\/PORTUGAL.jpg\",\"datePublished\":\"2025-11-05T08:07:15+00:00\",\"dateModified\":\"2026-03-03T04:37:53+00:00\",\"breadcrumb\":{\"@id\":\"https:\\\/\\\/eurocoincollection.com\\\/product\\\/2025-pt-sustainable-development-unc\\\/#breadcrumb\"},\"inLanguage\":\"en-GB\",\"potentialAction\":[{\"@type\":\"ReadAction\",\"target\":[\"https:\\\/\\\/eurocoincollection.com\\\/product\\\/2025-pt-sustainable-development-unc\\\/\"]}]},{\"@type\":\"ImageObject\",\"inLanguage\":\"en-GB\",\"@id\":\"https:\\\/\\\/eurocoincollection.com\\\/product\\\/2025-pt-sustainable-development-unc\\\/#primaryimage\",\"url\":\"https:\\\/\\\/eurocoincollection.com\\\/wp-content\\\/uploads\\\/2025\\\/11\\\/PORTUGAL.jpg\",\"contentUrl\":\"https:\\\/\\\/eurocoincollection.com\\\/wp-content\\\/uploads\\\/2025\\\/11\\\/PORTUGAL.jpg\",\"width\":1200,\"height\":1600},{\"@type\":\"BreadcrumbList\",\"@id\":\"https:\\\/\\\/eurocoincollection.com\\\/product\\\/2025-pt-sustainable-development-unc\\\/#breadcrumb\",\"itemListElement\":[{\"@type\":\"ListItem\",\"position\":1,\"name\":\"\u0391\u03c1\u03c7\u03b9\u03ba\u03ae\",\"item\":\"https:\\\/\\\/eurocoincollection.com\\\/\"},{\"@type\":\"ListItem\",\"position\":2,\"name\":\"Shop\",\"item\":\"https:\\\/\\\/eurocoincollection.com\\\/shop\\\/\"},{\"@type\":\"ListItem\",\"position\":3,\"name\":\"2025 (PT) &#8211; Sustainable Development (UNC)\"}]},{\"@type\":\"WebSite\",\"@id\":\"https:\\\/\\\/eurocoincollection.com\\\/#website\",\"url\":\"https:\\\/\\\/eurocoincollection.com\\\/\",\"name\":\"Euro Coin Collection\",\"description\":\"2\u20ac Commemorative Coins | Silver Coins | Regular Coins &amp; BU Set\",\"publisher\":{\"@id\":\"https:\\\/\\\/eurocoincollection.com\\\/#organization\"},\"potentialAction\":[{\"@type\":\"SearchAction\",\"target\":{\"@type\":\"EntryPoint\",\"urlTemplate\":\"https:\\\/\\\/eurocoincollection.com\\\/?s={search_term_string}\"},\"query-input\":{\"@type\":\"PropertyValueSpecification\",\"valueRequired\":true,\"valueName\":\"search_term_string\"}}],\"inLanguage\":\"en-GB\"},{\"@type\":\"Organization\",\"@id\":\"https:\\\/\\\/eurocoincollection.com\\\/#organization\",\"name\":\"Euro Coin Collection\",\"url\":\"https:\\\/\\\/eurocoincollection.com\\\/\",\"logo\":{\"@type\":\"ImageObject\",\"inLanguage\":\"en-GB\",\"@id\":\"https:\\\/\\\/eurocoincollection.com\\\/#\\\/schema\\\/logo\\\/image\\\/\",\"url\":\"https:\\\/\\\/eurocoincollection.com\\\/wp-content\\\/uploads\\\/2023\\\/07\\\/ECC-2-1.png\",\"contentUrl\":\"https:\\\/\\\/eurocoincollection.com\\\/wp-content\\\/uploads\\\/2023\\\/07\\\/ECC-2-1.png\",\"width\":813,\"height\":813,\"caption\":\"Euro Coin Collection\"},\"image\":{\"@id\":\"https:\\\/\\\/eurocoincollection.com\\\/#\\\/schema\\\/logo\\\/image\\\/\"},\"sameAs\":[\"https:\\\/\\\/www.facebook.com\\\/eurocoincollection\",\"https:\\\/\\\/www.instagram.com\\\/eurocoincollection_gr\\\/\"]}]}<\/script>\n<!-- \/ Yoast SEO plugin. -->","yoast_head_json":{"title":"2025 (PT) - Sustainable Development (UNC) - Euro Coin Collection","robots":{"index":"index","follow":"follow","max-snippet":"max-snippet:-1","max-image-preview":"max-image-preview:large","max-video-preview":"max-video-preview:-1"},"canonical":"https:\/\/eurocoincollection.com\/en\/product\/2025-pt-sustainable-development-unc\/","og_locale":"en_GB","og_type":"article","og_title":"2025 (PT) - Sustainable Development (UNC) - Euro Coin Collection","og_description":"(fr) La plan\u00e8te Terre entour\u00e9e de 17 groupes de feuilles, symbolisant les Objectifs de D\u00e9veloppement Durable (ODD). L'\u00e9mission souligne l'importance d'une action collective pour assurer un avenir durable. L'anneau ext\u00e9rieur de la pi\u00e8ce repr\u00e9sente les douze \u00e9toiles du drapeau europ\u00e9en.","og_url":"https:\/\/eurocoincollection.com\/en\/product\/2025-pt-sustainable-development-unc\/","og_site_name":"Euro Coin Collection","article_publisher":"https:\/\/www.facebook.com\/eurocoincollection","article_modified_time":"2026-03-03T04:37:53+00:00","og_image":[{"width":1200,"height":1600,"url":"https:\/\/eurocoincollection.com\/wp-content\/uploads\/2025\/11\/PORTUGAL.jpg","type":"image\/jpeg"}],"twitter_card":"summary_large_image","twitter_misc":{"Estimated reading time":"1 minute"},"schema":{"@context":"https:\/\/schema.org","@graph":[{"@type":"WebPage","@id":"https:\/\/eurocoincollection.com\/product\/2025-pt-sustainable-development-unc\/","url":"https:\/\/eurocoincollection.com\/product\/2025-pt-sustainable-development-unc\/","name":"2025 (PT) - Sustainable Development (UNC) - Euro Coin Collection","isPartOf":{"@id":"https:\/\/eurocoincollection.com\/#website"},"primaryImageOfPage":{"@id":"https:\/\/eurocoincollection.com\/product\/2025-pt-sustainable-development-unc\/#primaryimage"},"image":{"@id":"https:\/\/eurocoincollection.com\/product\/2025-pt-sustainable-development-unc\/#primaryimage"},"thumbnailUrl":"https:\/\/eurocoincollection.com\/wp-content\/uploads\/2025\/11\/PORTUGAL.jpg","datePublished":"2025-11-05T08:07:15+00:00","dateModified":"2026-03-03T04:37:53+00:00","breadcrumb":{"@id":"https:\/\/eurocoincollection.com\/product\/2025-pt-sustainable-development-unc\/#breadcrumb"},"inLanguage":"en-GB","potentialAction":[{"@type":"ReadAction","target":["https:\/\/eurocoincollection.com\/product\/2025-pt-sustainable-development-unc\/"]}]},{"@type":"ImageObject","inLanguage":"en-GB","@id":"https:\/\/eurocoincollection.com\/product\/2025-pt-sustainable-development-unc\/#primaryimage","url":"https:\/\/eurocoincollection.com\/wp-content\/uploads\/2025\/11\/PORTUGAL.jpg","contentUrl":"https:\/\/eurocoincollection.com\/wp-content\/uploads\/2025\/11\/PORTUGAL.jpg","width":1200,"height":1600},{"@type":"BreadcrumbList","@id":"https:\/\/eurocoincollection.com\/product\/2025-pt-sustainable-development-unc\/#breadcrumb","itemListElement":[{"@type":"ListItem","position":1,"name":"\u0391\u03c1\u03c7\u03b9\u03ba\u03ae","item":"https:\/\/eurocoincollection.com\/"},{"@type":"ListItem","position":2,"name":"Shop","item":"https:\/\/eurocoincollection.com\/shop\/"},{"@type":"ListItem","position":3,"name":"2025 (PT) &#8211; Sustainable Development (UNC)"}]},{"@type":"WebSite","@id":"https:\/\/eurocoincollection.com\/#website","url":"https:\/\/eurocoincollection.com\/","name":"Euro Coin Collection","description":"2\u20ac Commemorative Coins | Silver Coins | Regular Coins &amp; BU Set","publisher":{"@id":"https:\/\/eurocoincollection.com\/#organization"},"potentialAction":[{"@type":"SearchAction","target":{"@type":"EntryPoint","urlTemplate":"https:\/\/eurocoincollection.com\/?s={search_term_string}"},"query-input":{"@type":"PropertyValueSpecification","valueRequired":true,"valueName":"search_term_string"}}],"inLanguage":"en-GB"},{"@type":"Organization","@id":"https:\/\/eurocoincollection.com\/#organization","name":"Euro Coin Collection","url":"https:\/\/eurocoincollection.com\/","logo":{"@type":"ImageObject","inLanguage":"en-GB","@id":"https:\/\/eurocoincollection.com\/#\/schema\/logo\/image\/","url":"https:\/\/eurocoincollection.com\/wp-content\/uploads\/2023\/07\/ECC-2-1.png","contentUrl":"https:\/\/eurocoincollection.com\/wp-content\/uploads\/2023\/07\/ECC-2-1.png","width":813,"height":813,"caption":"Euro Coin Collection"},"image":{"@id":"https:\/\/eurocoincollection.com\/#\/schema\/logo\/image\/"},"sameAs":["https:\/\/www.facebook.com\/eurocoincollection","https:\/\/www.instagram.com\/eurocoincollection_gr\/"]}]}},"_links":{"self":[{"href":"https:\/\/eurocoincollection.com\/en\/wp-json\/wp\/v2\/product\/5714","targetHints":{"allow":["GET"]}}],"collection":[{"href":"https:\/\/eurocoincollection.com\/en\/wp-json\/wp\/v2\/product"}],"about":[{"href":"https:\/\/eurocoincollection.com\/en\/wp-json\/wp\/v2\/types\/product"}],"wp:featuredmedia":[{"embeddable":true,"href":"https:\/\/eurocoincollection.com\/en\/wp-json\/wp\/v2\/media\/5716"}],"wp:attachment":[{"href":"https:\/\/eurocoincollection.com\/en\/wp-json\/wp\/v2\/media?parent=5714"}],"wp:term":[{"taxonomy":"product_brand","embeddable":true,"href":"https:\/\/eurocoincollection.com\/en\/wp-json\/wp\/v2\/product_brand?post=5714"},{"taxonomy":"product_cat","embeddable":true,"href":"https:\/\/eurocoincollection.com\/en\/wp-json\/wp\/v2\/product_cat?post=5714"},{"taxonomy":"product_tag","embeddable":true,"href":"https:\/\/eurocoincollection.com\/en\/wp-json\/wp\/v2\/product_tag?post=5714"}],"curies":[{"name":"wp","href":"https:\/\/api.w.org\/{rel}","templated":true}]}}