{"id":6114,"date":"2026-03-03T10:07:36","date_gmt":"2026-03-03T10:07:36","guid":{"rendered":"https:\/\/eurocoincollection.com\/?post_type=product&#038;p=6114"},"modified":"2026-04-10T12:37:45","modified_gmt":"2026-04-10T12:37:45","slug":"2024-hr-marko-marulic-unc","status":"publish","type":"product","link":"https:\/\/eurocoincollection.com\/en\/product\/2024-hr-marko-marulic-unc\/","title":{"rendered":"2024 (HR) &#8211; Marko Maruli\u0107 (UNC)"},"content":{"rendered":"<p>The Year of Marko Maruli\u0107; 500th anniversary of the death of the Marko Maruli\u0107<\/p>\n<p>On the obverse is the portrait of Marko Maruli\u0107. In addition to the main motif, the coin also features the inscriptions: the symbol for the Republic of Croatia \u201cHR\u201d, the year of issuance \u201c2024.\u201d and the name and surname of Marko Maruli\u0107 \u201cMARKO MARULI\u0106\u201d, which are inscribed along the coin\u2019s core.<br \/>\nThe coin\u2019s national side outer ring depicts the 12 stars of the European flag<\/p>","protected":false},"excerpt":{"rendered":"<p>The Year of Marko Maruli\u0107; 500th anniversary of the death of the Marko Maruli\u0107<\/p>\n<p>On the obverse is the portrait of Marko Maruli\u0107. In addition to the main motif, the coin also features the inscriptions: the symbol for the Republic of Croatia \u201cHR\u201d, the year of issuance \u201c2024.\u201d and the name and surname of Marko Maruli\u0107 \u201cMARKO MARULI\u0106\u201d, which are inscribed along the coin\u2019s core.<br \/>\nThe coin\u2019s national side outer ring depicts the 12 stars of the European flag<\/p>","protected":false},"featured_media":6115,"template":"","meta":[],"product_brand":[],"product_cat":[1006,433,966],"product_tag":[46,1008,967],"class_list":{"0":"post-6114","1":"product","2":"type-product","3":"status-publish","4":"has-post-thumbnail","6":"product_cat-1006","7":"product_cat-commemorative-2e-coins","8":"product_cat--commemorative-2e-coins","9":"product_tag-2eurocommemoratives","10":"product_tag-1008","11":"product_tag-croatia","13":"first","14":"instock","15":"shipping-taxable","16":"purchasable","17":"product-type-simple"},"yoast_head":"<!-- This site is optimized with the Yoast SEO plugin v27.3 - https:\/\/yoast.com\/product\/yoast-seo-wordpress\/ -->\n<title>2024 (HR) - Marko Maruli\u0107 (UNC) - Euro Coin Collection<\/title>\n<meta name=\"robots\" content=\"index, follow, max-snippet:-1, max-image-preview:large, max-video-preview:-1\" \/>\n<link rel=\"canonical\" href=\"https:\/\/eurocoincollection.com\/en\/product\/2024-hr-marko-marulic-unc\/\" \/>\n<meta property=\"og:locale\" content=\"en_GB\" \/>\n<meta property=\"og:type\" content=\"article\" \/>\n<meta property=\"og:title\" content=\"2024 (HR) - Marko Maruli\u0107 (UNC) - Euro Coin Collection\" \/>\n<meta property=\"og:description\" content=\"The Year of Marko Maruli\u0107; 500th anniversary of the death of the Marko Maruli\u0107  On the obverse is the portrait of Marko Maruli\u0107. In addition to the main motif, the coin also features the inscriptions: the symbol for the Republic of Croatia \u201cHR\u201d, the year of issuance \u201c2024.\u201d and the name and surname of Marko Maruli\u0107 \u201cMARKO MARULI\u0106\u201d, which are inscribed along the coin\u2019s core. The coin\u2019s national side outer ring depicts the 12 stars of the European flag\" \/>\n<meta property=\"og:url\" content=\"https:\/\/eurocoincollection.com\/en\/product\/2024-hr-marko-marulic-unc\/\" \/>\n<meta property=\"og:site_name\" content=\"Euro Coin Collection\" \/>\n<meta property=\"article:publisher\" content=\"https:\/\/www.facebook.com\/eurocoincollection\" \/>\n<meta property=\"article:modified_time\" content=\"2026-04-10T12:37:45+00:00\" \/>\n<meta property=\"og:image\" content=\"https:\/\/eurocoincollection.com\/wp-content\/uploads\/2026\/03\/MARULIC.jpg\" \/>\n\t<meta property=\"og:image:width\" content=\"1200\" \/>\n\t<meta property=\"og:image:height\" content=\"1600\" \/>\n\t<meta property=\"og:image:type\" content=\"image\/jpeg\" \/>\n<meta name=\"twitter:card\" content=\"summary_large_image\" \/>\n<meta name=\"twitter:label1\" content=\"Estimated reading time\" \/>\n\t<meta name=\"twitter:data1\" content=\"1 minute\" \/>\n<script type=\"application\/ld+json\" class=\"yoast-schema-graph\">{\"@context\":\"https:\\\/\\\/schema.org\",\"@graph\":[{\"@type\":\"WebPage\",\"@id\":\"https:\\\/\\\/eurocoincollection.com\\\/product\\\/2024-hr-marko-marulic-unc\\\/\",\"url\":\"https:\\\/\\\/eurocoincollection.com\\\/product\\\/2024-hr-marko-marulic-unc\\\/\",\"name\":\"2024 (HR) - Marko Maruli\u0107 (UNC) - Euro Coin Collection\",\"isPartOf\":{\"@id\":\"https:\\\/\\\/eurocoincollection.com\\\/#website\"},\"primaryImageOfPage\":{\"@id\":\"https:\\\/\\\/eurocoincollection.com\\\/product\\\/2024-hr-marko-marulic-unc\\\/#primaryimage\"},\"image\":{\"@id\":\"https:\\\/\\\/eurocoincollection.com\\\/product\\\/2024-hr-marko-marulic-unc\\\/#primaryimage\"},\"thumbnailUrl\":\"https:\\\/\\\/eurocoincollection.com\\\/wp-content\\\/uploads\\\/2026\\\/03\\\/MARULIC.jpg\",\"datePublished\":\"2026-03-03T10:07:36+00:00\",\"dateModified\":\"2026-04-10T12:37:45+00:00\",\"breadcrumb\":{\"@id\":\"https:\\\/\\\/eurocoincollection.com\\\/product\\\/2024-hr-marko-marulic-unc\\\/#breadcrumb\"},\"inLanguage\":\"en-GB\",\"potentialAction\":[{\"@type\":\"ReadAction\",\"target\":[\"https:\\\/\\\/eurocoincollection.com\\\/product\\\/2024-hr-marko-marulic-unc\\\/\"]}]},{\"@type\":\"ImageObject\",\"inLanguage\":\"en-GB\",\"@id\":\"https:\\\/\\\/eurocoincollection.com\\\/product\\\/2024-hr-marko-marulic-unc\\\/#primaryimage\",\"url\":\"https:\\\/\\\/eurocoincollection.com\\\/wp-content\\\/uploads\\\/2026\\\/03\\\/MARULIC.jpg\",\"contentUrl\":\"https:\\\/\\\/eurocoincollection.com\\\/wp-content\\\/uploads\\\/2026\\\/03\\\/MARULIC.jpg\",\"width\":1200,\"height\":1600},{\"@type\":\"BreadcrumbList\",\"@id\":\"https:\\\/\\\/eurocoincollection.com\\\/product\\\/2024-hr-marko-marulic-unc\\\/#breadcrumb\",\"itemListElement\":[{\"@type\":\"ListItem\",\"position\":1,\"name\":\"\u0391\u03c1\u03c7\u03b9\u03ba\u03ae\",\"item\":\"https:\\\/\\\/eurocoincollection.com\\\/\"},{\"@type\":\"ListItem\",\"position\":2,\"name\":\"Shop\",\"item\":\"https:\\\/\\\/eurocoincollection.com\\\/shop\\\/\"},{\"@type\":\"ListItem\",\"position\":3,\"name\":\"2024 (HR) &#8211; Marko Maruli\u0107 (UNC)\"}]},{\"@type\":\"WebSite\",\"@id\":\"https:\\\/\\\/eurocoincollection.com\\\/#website\",\"url\":\"https:\\\/\\\/eurocoincollection.com\\\/\",\"name\":\"Euro Coin Collection\",\"description\":\"2\u20ac Commemorative Coins | Silver Coins | Regular Coins &amp; BU Set\",\"publisher\":{\"@id\":\"https:\\\/\\\/eurocoincollection.com\\\/#organization\"},\"potentialAction\":[{\"@type\":\"SearchAction\",\"target\":{\"@type\":\"EntryPoint\",\"urlTemplate\":\"https:\\\/\\\/eurocoincollection.com\\\/?s={search_term_string}\"},\"query-input\":{\"@type\":\"PropertyValueSpecification\",\"valueRequired\":true,\"valueName\":\"search_term_string\"}}],\"inLanguage\":\"en-GB\"},{\"@type\":\"Organization\",\"@id\":\"https:\\\/\\\/eurocoincollection.com\\\/#organization\",\"name\":\"Euro Coin Collection\",\"url\":\"https:\\\/\\\/eurocoincollection.com\\\/\",\"logo\":{\"@type\":\"ImageObject\",\"inLanguage\":\"en-GB\",\"@id\":\"https:\\\/\\\/eurocoincollection.com\\\/#\\\/schema\\\/logo\\\/image\\\/\",\"url\":\"https:\\\/\\\/eurocoincollection.com\\\/wp-content\\\/uploads\\\/2023\\\/07\\\/ECC-2-1.png\",\"contentUrl\":\"https:\\\/\\\/eurocoincollection.com\\\/wp-content\\\/uploads\\\/2023\\\/07\\\/ECC-2-1.png\",\"width\":813,\"height\":813,\"caption\":\"Euro Coin Collection\"},\"image\":{\"@id\":\"https:\\\/\\\/eurocoincollection.com\\\/#\\\/schema\\\/logo\\\/image\\\/\"},\"sameAs\":[\"https:\\\/\\\/www.facebook.com\\\/eurocoincollection\",\"https:\\\/\\\/www.instagram.com\\\/eurocoincollection_gr\\\/\"]}]}<\/script>\n<!-- \/ Yoast SEO plugin. -->","yoast_head_json":{"title":"2024 (HR) - Marko Maruli\u0107 (UNC) - Euro Coin Collection","robots":{"index":"index","follow":"follow","max-snippet":"max-snippet:-1","max-image-preview":"max-image-preview:large","max-video-preview":"max-video-preview:-1"},"canonical":"https:\/\/eurocoincollection.com\/en\/product\/2024-hr-marko-marulic-unc\/","og_locale":"en_GB","og_type":"article","og_title":"2024 (HR) - Marko Maruli\u0107 (UNC) - Euro Coin Collection","og_description":"The Year of Marko Maruli\u0107; 500th anniversary of the death of the Marko Maruli\u0107  On the obverse is the portrait of Marko Maruli\u0107. In addition to the main motif, the coin also features the inscriptions: the symbol for the Republic of Croatia \u201cHR\u201d, the year of issuance \u201c2024.\u201d and the name and surname of Marko Maruli\u0107 \u201cMARKO MARULI\u0106\u201d, which are inscribed along the coin\u2019s core. The coin\u2019s national side outer ring depicts the 12 stars of the European flag","og_url":"https:\/\/eurocoincollection.com\/en\/product\/2024-hr-marko-marulic-unc\/","og_site_name":"Euro Coin Collection","article_publisher":"https:\/\/www.facebook.com\/eurocoincollection","article_modified_time":"2026-04-10T12:37:45+00:00","og_image":[{"width":1200,"height":1600,"url":"https:\/\/eurocoincollection.com\/wp-content\/uploads\/2026\/03\/MARULIC.jpg","type":"image\/jpeg"}],"twitter_card":"summary_large_image","twitter_misc":{"Estimated reading time":"1 minute"},"schema":{"@context":"https:\/\/schema.org","@graph":[{"@type":"WebPage","@id":"https:\/\/eurocoincollection.com\/product\/2024-hr-marko-marulic-unc\/","url":"https:\/\/eurocoincollection.com\/product\/2024-hr-marko-marulic-unc\/","name":"2024 (HR) - Marko Maruli\u0107 (UNC) - Euro Coin Collection","isPartOf":{"@id":"https:\/\/eurocoincollection.com\/#website"},"primaryImageOfPage":{"@id":"https:\/\/eurocoincollection.com\/product\/2024-hr-marko-marulic-unc\/#primaryimage"},"image":{"@id":"https:\/\/eurocoincollection.com\/product\/2024-hr-marko-marulic-unc\/#primaryimage"},"thumbnailUrl":"https:\/\/eurocoincollection.com\/wp-content\/uploads\/2026\/03\/MARULIC.jpg","datePublished":"2026-03-03T10:07:36+00:00","dateModified":"2026-04-10T12:37:45+00:00","breadcrumb":{"@id":"https:\/\/eurocoincollection.com\/product\/2024-hr-marko-marulic-unc\/#breadcrumb"},"inLanguage":"en-GB","potentialAction":[{"@type":"ReadAction","target":["https:\/\/eurocoincollection.com\/product\/2024-hr-marko-marulic-unc\/"]}]},{"@type":"ImageObject","inLanguage":"en-GB","@id":"https:\/\/eurocoincollection.com\/product\/2024-hr-marko-marulic-unc\/#primaryimage","url":"https:\/\/eurocoincollection.com\/wp-content\/uploads\/2026\/03\/MARULIC.jpg","contentUrl":"https:\/\/eurocoincollection.com\/wp-content\/uploads\/2026\/03\/MARULIC.jpg","width":1200,"height":1600},{"@type":"BreadcrumbList","@id":"https:\/\/eurocoincollection.com\/product\/2024-hr-marko-marulic-unc\/#breadcrumb","itemListElement":[{"@type":"ListItem","position":1,"name":"\u0391\u03c1\u03c7\u03b9\u03ba\u03ae","item":"https:\/\/eurocoincollection.com\/"},{"@type":"ListItem","position":2,"name":"Shop","item":"https:\/\/eurocoincollection.com\/shop\/"},{"@type":"ListItem","position":3,"name":"2024 (HR) &#8211; Marko Maruli\u0107 (UNC)"}]},{"@type":"WebSite","@id":"https:\/\/eurocoincollection.com\/#website","url":"https:\/\/eurocoincollection.com\/","name":"Euro Coin Collection","description":"2\u20ac Commemorative Coins | Silver Coins | Regular Coins &amp; BU Set","publisher":{"@id":"https:\/\/eurocoincollection.com\/#organization"},"potentialAction":[{"@type":"SearchAction","target":{"@type":"EntryPoint","urlTemplate":"https:\/\/eurocoincollection.com\/?s={search_term_string}"},"query-input":{"@type":"PropertyValueSpecification","valueRequired":true,"valueName":"search_term_string"}}],"inLanguage":"en-GB"},{"@type":"Organization","@id":"https:\/\/eurocoincollection.com\/#organization","name":"Euro Coin Collection","url":"https:\/\/eurocoincollection.com\/","logo":{"@type":"ImageObject","inLanguage":"en-GB","@id":"https:\/\/eurocoincollection.com\/#\/schema\/logo\/image\/","url":"https:\/\/eurocoincollection.com\/wp-content\/uploads\/2023\/07\/ECC-2-1.png","contentUrl":"https:\/\/eurocoincollection.com\/wp-content\/uploads\/2023\/07\/ECC-2-1.png","width":813,"height":813,"caption":"Euro Coin Collection"},"image":{"@id":"https:\/\/eurocoincollection.com\/#\/schema\/logo\/image\/"},"sameAs":["https:\/\/www.facebook.com\/eurocoincollection","https:\/\/www.instagram.com\/eurocoincollection_gr\/"]}]}},"_links":{"self":[{"href":"https:\/\/eurocoincollection.com\/en\/wp-json\/wp\/v2\/product\/6114","targetHints":{"allow":["GET"]}}],"collection":[{"href":"https:\/\/eurocoincollection.com\/en\/wp-json\/wp\/v2\/product"}],"about":[{"href":"https:\/\/eurocoincollection.com\/en\/wp-json\/wp\/v2\/types\/product"}],"wp:featuredmedia":[{"embeddable":true,"href":"https:\/\/eurocoincollection.com\/en\/wp-json\/wp\/v2\/media\/6115"}],"wp:attachment":[{"href":"https:\/\/eurocoincollection.com\/en\/wp-json\/wp\/v2\/media?parent=6114"}],"wp:term":[{"taxonomy":"product_brand","embeddable":true,"href":"https:\/\/eurocoincollection.com\/en\/wp-json\/wp\/v2\/product_brand?post=6114"},{"taxonomy":"product_cat","embeddable":true,"href":"https:\/\/eurocoincollection.com\/en\/wp-json\/wp\/v2\/product_cat?post=6114"},{"taxonomy":"product_tag","embeddable":true,"href":"https:\/\/eurocoincollection.com\/en\/wp-json\/wp\/v2\/product_tag?post=6114"}],"curies":[{"name":"wp","href":"https:\/\/api.w.org\/{rel}","templated":true}]}}